{"id":11,"date":"2018-04-06T10:26:15","date_gmt":"2018-04-06T10:26:15","guid":{"rendered":"https:\/\/2018.lille.wordcamp.org\/location\/"},"modified":"2018-11-14T08:11:15","modified_gmt":"2018-11-14T07:11:15","slug":"lieu","status":"publish","type":"page","link":"https:\/\/lille.wordcamp.org\/2018\/lieu\/","title":{"rendered":"Le lieu"},"content":{"rendered":"\n<h2 class=\"wp-block-heading\">Le Nouveau Si\u00e8cle<\/h2>\n\n\n\n<p class=\"wp-block-paragraph\"><a href=\"https:\/\/www.lenouveausiecle.fr\/\" target=\"_blank\" rel=\"noreferrer noopener\">https:\/\/www.lenouveausiecle.fr<\/a><br>Adresse : 17 place Mend\u00e8s France \u2013 59000 LILLE\n\n<\/p>\n\n\n\n<p class=\"wp-block-paragraph\">Cette premi\u00e8re \u00e9dition du WordCamp Lille se d\u00e9roulera au Nouveau Si\u00e8cle, au coeur de Lille et \u00e0 10 min de la Gare Lille Flandre<\/p>\n\n\n\n<p class=\"wp-block-paragraph\">\n\nPolyvalence et qualit\u00e9 d\u2019accueil sont les ma\u00eetre-mots du Nouveau Si\u00e8cle. L\u2019Auditorium comme les autres espaces de r\u00e9ception accueillent aussi bien des concerts de musique classique, de jazz, de vari\u00e9t\u00e9s, des cin\u00e9-concerts ou diff\u00e9rents festivals, ainsi que des \u00e9v\u00e8nements professionnels.\n\n<\/p>\n\n\n\n<h2 class=\"wp-block-heading\">Acc\u00e8s au lieu<\/h2>\n\n\n\n<p class=\"wp-block-paragraph\"><strong>En Train<\/strong><br>10 mn \u00e0 pied de la Gare Lille Flandres<br>15 mn \u00e0 pied de la Gare Lille Europe<\/p>\n\n\n\n<p class=\"wp-block-paragraph\"><strong>En M\u00e9tro<\/strong><br>Ligne 1 \u2013 Station Rihour<br>Ligne 2 \u2013 Station Gare Lille Flandres<\/p>\n\n\n\n<p class=\"wp-block-paragraph\"><strong>En Bus<\/strong><br>Bus + parking Champ de Mars \u2013 Ligne 1<br>Navette Vieux-Lille &#8211; Arr\u00eat Rue Nationale<\/p>\n\n\n\n<p class=\"wp-block-paragraph\"><strong>V\u2019Lille<\/strong><br>Stations Nouveau Si\u00e8cle et Rihour<\/p>\n\n\n\n<p class=\"wp-block-paragraph\"><strong>Parkings payants<\/strong><br>Nouveau Si\u00e8cle \u2013 Grand Place ou Carnot<\/p>\n\n\n\n<div class=\"googlemaps\">\n\t\t\t\t<iframe loading=\"lazy\" width=\"600\" height=\"450\" frameborder=\"0\" scrolling=\"no\" marginheight=\"0\" marginwidth=\"0\"  src=\"https:\/\/www.google.com\/maps\/embed?pb=!1m14!1m8!1m3!1d10121.847723595316!2d3.0601742!3d50.6371117!3m2!1i1024!2i768!4f13.1!3m3!1m2!1s0x0:0x12a8ceb5519c9b08!2sLe%20Nouveau%20Si\u00e8cle!5e0!3m2!1sfr!2sfr!4v1539867043393\"><\/iframe>\n\t\t\t<\/div>\n\n\n\n<h3 class=\"wp-block-heading\">Le Nouveau Si\u00e8cle en images<\/h3>\n\n\n\n<div class=\"wp-block-image\"><figure class=\"aligncenter\"><img loading=\"lazy\" decoding=\"async\" width=\"1139\" height=\"641\" src=\"https:\/\/2018.lille.wordcamp.org\/files\/2018\/10\/wclille-nouveau-siecle-facade.jpg\" alt=\"\" class=\"wp-image-276\" srcset=\"https:\/\/lille.wordcamp.org\/2018\/files\/2018\/10\/wclille-nouveau-siecle-facade.jpg 1139w, https:\/\/lille.wordcamp.org\/2018\/files\/2018\/10\/wclille-nouveau-siecle-facade-300x169.jpg 300w, https:\/\/lille.wordcamp.org\/2018\/files\/2018\/10\/wclille-nouveau-siecle-facade-768x432.jpg 768w, https:\/\/lille.wordcamp.org\/2018\/files\/2018\/10\/wclille-nouveau-siecle-facade-1024x576.jpg 1024w, https:\/\/lille.wordcamp.org\/2018\/files\/2018\/10\/wclille-nouveau-siecle-facade-500x281.jpg 500w\" sizes=\"auto, (max-width: 767px) 89vw, (max-width: 1000px) 54vw, (max-width: 1071px) 543px, 580px\" \/><figcaption>Le Nouveau Si\u00e8cle &#8211;&nbsp; <br>17 place Mend\u00e8s France \u2013 59000 LILLE <\/figcaption><\/figure><\/div>\n\n\n\n<div class=\"wp-block-image\"><figure class=\"aligncenter\"><img loading=\"lazy\" decoding=\"async\" width=\"5803\" height=\"3874\" src=\"https:\/\/2018.lille.wordcamp.org\/files\/2018\/10\/DSC5454-2.jpg\" alt=\"\" class=\"wp-image-280\" srcset=\"https:\/\/lille.wordcamp.org\/2018\/files\/2018\/10\/DSC5454-2.jpg 5803w, https:\/\/lille.wordcamp.org\/2018\/files\/2018\/10\/DSC5454-2-300x200.jpg 300w, https:\/\/lille.wordcamp.org\/2018\/files\/2018\/10\/DSC5454-2-768x513.jpg 768w, https:\/\/lille.wordcamp.org\/2018\/files\/2018\/10\/DSC5454-2-1024x684.jpg 1024w, https:\/\/lille.wordcamp.org\/2018\/files\/2018\/10\/DSC5454-2-449x300.jpg 449w\" sizes=\"auto, (max-width: 767px) 89vw, (max-width: 1000px) 54vw, (max-width: 1071px) 543px, 580px\" \/><figcaption>salle Quebec et bar du Nouveau Si\u00e8cle<\/figcaption><\/figure><\/div>\n\n\n\n<div class=\"wp-block-image\"><figure class=\"aligncenter\"><img loading=\"lazy\" decoding=\"async\" width=\"800\" height=\"534\" src=\"https:\/\/2018.lille.wordcamp.org\/files\/2018\/10\/quebec.jpg\" alt=\"\" class=\"wp-image-240\" srcset=\"https:\/\/lille.wordcamp.org\/2018\/files\/2018\/10\/quebec.jpg 800w, https:\/\/lille.wordcamp.org\/2018\/files\/2018\/10\/quebec-300x200.jpg 300w, https:\/\/lille.wordcamp.org\/2018\/files\/2018\/10\/quebec-768x513.jpg 768w, https:\/\/lille.wordcamp.org\/2018\/files\/2018\/10\/quebec-449x300.jpg 449w\" sizes=\"auto, (max-width: 767px) 89vw, (max-width: 1000px) 54vw, (max-width: 1071px) 543px, 580px\" \/><figcaption>Salle Qu\u00e9bec (200 personnes)<br><\/figcaption><\/figure><\/div>\n\n\n\n<div class=\"wp-block-image\"><figure class=\"aligncenter\"><img loading=\"lazy\" decoding=\"async\" width=\"2976\" height=\"3968\" src=\"https:\/\/2018.lille.wordcamp.org\/files\/2018\/10\/IMG_20180716_144013.jpg\" alt=\"\" class=\"wp-image-279\" srcset=\"https:\/\/lille.wordcamp.org\/2018\/files\/2018\/10\/IMG_20180716_144013.jpg 2976w, https:\/\/lille.wordcamp.org\/2018\/files\/2018\/10\/IMG_20180716_144013-225x300.jpg 225w, https:\/\/lille.wordcamp.org\/2018\/files\/2018\/10\/IMG_20180716_144013-768x1024.jpg 768w\" sizes=\"auto, (max-width: 767px) 89vw, (max-width: 1000px) 54vw, (max-width: 1071px) 543px, 580px\" \/><figcaption>Salle Atelier (80 personnes)<\/figcaption><\/figure><\/div>\n\n\n\n<div class=\"wp-block-image\"><figure class=\"aligncenter\"><img loading=\"lazy\" decoding=\"async\" width=\"2976\" height=\"3968\" src=\"https:\/\/2018.lille.wordcamp.org\/files\/2018\/10\/IMG_20180716_143602.jpg\" alt=\"\" class=\"wp-image-281\" srcset=\"https:\/\/lille.wordcamp.org\/2018\/files\/2018\/10\/IMG_20180716_143602.jpg 2976w, https:\/\/lille.wordcamp.org\/2018\/files\/2018\/10\/IMG_20180716_143602-225x300.jpg 225w, https:\/\/lille.wordcamp.org\/2018\/files\/2018\/10\/IMG_20180716_143602-768x1024.jpg 768w\" sizes=\"auto, (max-width: 767px) 89vw, (max-width: 1000px) 54vw, (max-width: 1071px) 543px, 580px\" \/><\/figure><\/div>\n\n\n\n<div class=\"wp-block-image\"><figure class=\"aligncenter\"><img loading=\"lazy\" decoding=\"async\" width=\"1022\" height=\"574\" src=\"https:\/\/2018.lille.wordcamp.org\/files\/2018\/10\/wclille-nouveau-siecle-espace-convivialite.jpg\" alt=\"\" class=\"wp-image-277\" srcset=\"https:\/\/lille.wordcamp.org\/2018\/files\/2018\/10\/wclille-nouveau-siecle-espace-convivialite.jpg 1022w, https:\/\/lille.wordcamp.org\/2018\/files\/2018\/10\/wclille-nouveau-siecle-espace-convivialite-300x168.jpg 300w, https:\/\/lille.wordcamp.org\/2018\/files\/2018\/10\/wclille-nouveau-siecle-espace-convivialite-768x431.jpg 768w, https:\/\/lille.wordcamp.org\/2018\/files\/2018\/10\/wclille-nouveau-siecle-espace-convivialite-500x281.jpg 500w\" sizes=\"auto, (max-width: 767px) 89vw, (max-width: 1000px) 54vw, (max-width: 1071px) 543px, 580px\" \/><figcaption>Espace Convivialit\u00e9&nbsp;<\/figcaption><\/figure><\/div>\n","protected":false},"excerpt":{"rendered":"<p>Le Nouveau Si\u00e8cle https:\/\/www.lenouveausiecle.frAdresse : 17 place Mend\u00e8s France \u2013 59000 LILLE Cette premi\u00e8re \u00e9dition du WordCamp Lille se d\u00e9roulera au Nouveau Si\u00e8cle, au coeur de Lille et \u00e0 10 min de la Gare Lille Flandre Polyvalence et qualit\u00e9 d\u2019accueil sont les ma\u00eetre-mots du Nouveau Si\u00e8cle. L\u2019Auditorium comme les autres espaces de r\u00e9ception accueillent aussi &hellip; <\/p>\n<p class=\"link-more\"><a href=\"https:\/\/lille.wordcamp.org\/2018\/lieu\/\" class=\"more-link\">Continuer la lecture<span class=\"screen-reader-text\"> de &laquo;&nbsp;Le lieu&nbsp;&raquo;<\/span><\/a><\/p>\n","protected":false},"author":6016133,"featured_media":280,"parent":0,"menu_order":0,"comment_status":"closed","ping_status":"closed","template":"","meta":{"_crdt_document":"","footnotes":""},"class_list":["post-11","page","type-page","status-publish","has-post-thumbnail","hentry"],"jetpack_sharing_enabled":true,"jetpack_shortlink":"https:\/\/wp.me\/PheMMP-b","_links":{"self":[{"href":"https:\/\/lille.wordcamp.org\/2018\/wp-json\/wp\/v2\/pages\/11","targetHints":{"allow":["GET"]}}],"collection":[{"href":"https:\/\/lille.wordcamp.org\/2018\/wp-json\/wp\/v2\/pages"}],"about":[{"href":"https:\/\/lille.wordcamp.org\/2018\/wp-json\/wp\/v2\/types\/page"}],"author":[{"embeddable":true,"href":"https:\/\/lille.wordcamp.org\/2018\/wp-json\/wp\/v2\/users\/6016133"}],"replies":[{"embeddable":true,"href":"https:\/\/lille.wordcamp.org\/2018\/wp-json\/wp\/v2\/comments?post=11"}],"version-history":[{"count":8,"href":"https:\/\/lille.wordcamp.org\/2018\/wp-json\/wp\/v2\/pages\/11\/revisions"}],"predecessor-version":[{"id":1022,"href":"https:\/\/lille.wordcamp.org\/2018\/wp-json\/wp\/v2\/pages\/11\/revisions\/1022"}],"wp:featuredmedia":[{"embeddable":true,"href":"https:\/\/lille.wordcamp.org\/2018\/wp-json\/wp\/v2\/media\/280"}],"wp:attachment":[{"href":"https:\/\/lille.wordcamp.org\/2018\/wp-json\/wp\/v2\/media?parent=11"}],"curies":[{"name":"wp","href":"https:\/\/api.w.org\/{rel}","templated":true}]}}