{"id":12,"date":"2018-04-06T10:26:15","date_gmt":"2018-04-06T10:26:15","guid":{"rendered":"https:\/\/2018.lille.wordcamp.org\/organizers\/"},"modified":"2018-10-18T08:53:05","modified_gmt":"2018-10-18T08:53:05","slug":"equipe-organisation","status":"publish","type":"page","link":"https:\/\/lille.wordcamp.org\/2018\/equipe-organisation\/","title":{"rendered":"L&rsquo;\u00e9quipe d&rsquo;organisation"},"content":{"rendered":"\n<p class=\"wp-block-paragraph\"><span><i>Voici toutes les personnes impliqu\u00e9es dans l&rsquo;organisation de cette 1\u00e8re \u00e9dition du <strong>WordCamp Lille 2018<\/strong><\/i><\/span><\/p>\n\n\n\t<div class=\"wcorg-organizers\">\n\n\t\t\n\t\t\t<div class=\"wcorg-organizer\">\n\t\t\t\t<h2>Julio Potier<\/h2>\n\t\t\t\t<div class=\"wcorg-organizer-description\">\n\t\t\t\t\t\t\t\t\t\t<img alt='' src='https:\/\/secure.gravatar.com\/avatar\/7f2fd2d51c2450990cb3fdfa75946d75b665b9d2bb1ddda8219009089163e321?s=100&#038;d=mm&#038;r=g' srcset='https:\/\/secure.gravatar.com\/avatar\/7f2fd2d51c2450990cb3fdfa75946d75b665b9d2bb1ddda8219009089163e321?s=200&#038;d=mm&#038;r=g 2x' class='avatar avatar-100 photo' height='100' width='100' \/>\t\t\t\t\tLead Organisateur et responsable budget.\r\n\r\nSp\u00e9cialiste de la blague qu&rsquo;on a pas compris, mais \u00e0 laquelle on a rit quand m\u00eame.\t\t\t\t<\/div>\n\t\t\t<\/div>\n\n\t\t\n\t\t\t<div class=\"wcorg-organizer\">\n\t\t\t\t<h2>Mathieu Viet<\/h2>\n\t\t\t\t<div class=\"wcorg-organizer-description\">\n\t\t\t\t\t\t\t\t\t\t<img alt='' src='https:\/\/secure.gravatar.com\/avatar\/31b3c1a05559fa8d6432e64ec1ba2884047ed82589c42201d9df8a49eb5391f3?s=100&#038;d=mm&#038;r=g' srcset='https:\/\/secure.gravatar.com\/avatar\/31b3c1a05559fa8d6432e64ec1ba2884047ed82589c42201d9df8a49eb5391f3?s=200&#038;d=mm&#038;r=g 2x' class='avatar avatar-100 photo' height='100' width='100' \/>\t\t\t\t\t<p>Responsable des orateurs et maitre de c\u00e9r\u00e9monie le jour J.<\/p>\n<p>Mathieu \u00ab imath \u00bb Viet est un auteur d&rsquo;extensions WordPress \/ BuddyPress \/ bbPress<span style=\"font-size: 1rem\">\u00a0et est l\u2019un des membres fondateurs de l\u2019association WP Paris, une association visant \u00e0 organiser des meetups avec les amateurs de WordPress vivant dans et autour de la ville de Paris.<\/span><\/p>\n<p>Mathieu blogue sur <a href=\"https:\/\/imathi.eu\/\" target=\"_blank\" rel=\"noopener\">imathi.eu<\/a><\/p>\n\t\t\t\t<\/div>\n\t\t\t<\/div>\n\n\t\t\n\t\t\t<div class=\"wcorg-organizer\">\n\t\t\t\t<h2>Fr\u00e9d\u00e9rique Battel<\/h2>\n\t\t\t\t<div class=\"wcorg-organizer-description\">\n\t\t\t\t\t\t\t\t\t\t<img alt='' src='https:\/\/secure.gravatar.com\/avatar\/3cc41b95d5a59bbe3352ac596d9e81803098f813fe54c7747fa2e8a204b638d2?s=100&#038;d=mm&#038;r=g' srcset='https:\/\/secure.gravatar.com\/avatar\/3cc41b95d5a59bbe3352ac596d9e81803098f813fe54c7747fa2e8a204b638d2?s=200&#038;d=mm&#038;r=g 2x' class='avatar avatar-100 photo' height='100' width='100' \/>\t\t\t\t\t<p>Responsable du lieu de l&rsquo;\u00e9v\u00e8nement, de l&rsquo;accueil des visiteurs et des b\u00e9n\u00e9voles.<\/p>\n<p>Sp\u00e9cialiste lilloise et pilier de meetup.<\/p>\n\t\t\t\t<\/div>\n\t\t\t<\/div>\n\n\t\t\n\t\t\t<div class=\"wcorg-organizer\">\n\t\t\t\t<h2>Ad\u00e9la\u00efde Dubroeucq<\/h2>\n\t\t\t\t<div class=\"wcorg-organizer-description\">\n\t\t\t\t\t\t\t\t\t\t<img alt='' src='https:\/\/secure.gravatar.com\/avatar\/668fc59736b52fe0c0bfcd4f393663c104f1a6f4f7f1f572bf3fcdc4f2d9f643?s=100&#038;d=mm&#038;r=g' srcset='https:\/\/secure.gravatar.com\/avatar\/668fc59736b52fe0c0bfcd4f393663c104f1a6f4f7f1f572bf3fcdc4f2d9f643?s=200&#038;d=mm&#038;r=g 2x' class='avatar avatar-100 photo' height='100' width='100' \/>\t\t\t\t\t<p>Responsable des repas<\/p>\n<p>Sp\u00e9cialiste pour go\u00fbter \u00e0 tous les plats, partout, tout le temps, ou\u00e8 ou\u00e8.<\/p>\n\t\t\t\t<\/div>\n\t\t\t<\/div>\n\n\t\t\n\t\t\t<div class=\"wcorg-organizer\">\n\t\t\t\t<h2>Vincent Dubroeucq<\/h2>\n\t\t\t\t<div class=\"wcorg-organizer-description\">\n\t\t\t\t\t\t\t\t\t\t<img alt='' src='https:\/\/secure.gravatar.com\/avatar\/7a51dbacebad7a4193d5b56e68161a71f5e4bfc0b34a8cd38b24f3e4d49686fd?s=100&#038;d=mm&#038;r=g' srcset='https:\/\/secure.gravatar.com\/avatar\/7a51dbacebad7a4193d5b56e68161a71f5e4bfc0b34a8cd38b24f3e4d49686fd?s=200&#038;d=mm&#038;r=g 2x' class='avatar avatar-100 photo' height='100' width='100' \/>\t\t\t\t\t<p>Responsable des sponsors et des goodies<\/p>\n<p>Sp\u00e9cialiste en besaces, bonnets et en tables de 2 m\u00e8tres.<\/p>\n\t\t\t\t<\/div>\n\t\t\t<\/div>\n\n\t\t\n\t\t\t<div class=\"wcorg-organizer\">\n\t\t\t\t<h2>Micka\u00ebl Waze<\/h2>\n\t\t\t\t<div class=\"wcorg-organizer-description\">\n\t\t\t\t\t\t\t\t\t\t<img alt='' src='https:\/\/secure.gravatar.com\/avatar\/3205b422a4c61c959598159f9db05fb387706ccb3a52a8c3fbfeb75812b9421c?s=100&#038;d=mm&#038;r=g' srcset='https:\/\/secure.gravatar.com\/avatar\/3205b422a4c61c959598159f9db05fb387706ccb3a52a8c3fbfeb75812b9421c?s=200&#038;d=mm&#038;r=g 2x' class='avatar avatar-100 photo' height='100' width='100' \/>\t\t\t\t\t<p>Responsable design et graphie de l&rsquo;\u00e9v\u00e8nement<\/p>\n<p>Sp\u00e9cialiste des pixels, et des crayons de couleurs.<\/p>\n\t\t\t\t<\/div>\n\t\t\t<\/div>\n\n\t\t\n\t\t\t<div class=\"wcorg-organizer\">\n\t\t\t\t<h2>Herv\u00e9 Thomas<\/h2>\n\t\t\t\t<div class=\"wcorg-organizer-description\">\n\t\t\t\t\t\t\t\t\t\t<img alt='' src='https:\/\/secure.gravatar.com\/avatar\/d07507d57047f5bba2c8ae6f4f2b899f5c712e4c3777d383c457654c2f5a7ac9?s=100&#038;d=mm&#038;r=g' srcset='https:\/\/secure.gravatar.com\/avatar\/d07507d57047f5bba2c8ae6f4f2b899f5c712e4c3777d383c457654c2f5a7ac9?s=200&#038;d=mm&#038;r=g 2x' class='avatar avatar-100 photo' height='100' width='100' \/>\t\t\t\t\t<p>Responsable accueil des visiteurs et signalisation<\/p>\n<p>Sp\u00e9cialiste du Meetup Lille et du dressage de Wapuus.<\/p>\n\t\t\t\t<\/div>\n\t\t\t<\/div>\n\n\t\t\n\t\t\t<div class=\"wcorg-organizer\">\n\t\t\t\t<h2>Val\u00e9rie Viel<\/h2>\n\t\t\t\t<div class=\"wcorg-organizer-description\">\n\t\t\t\t\t\t\t\t\t\t<img alt='' src='https:\/\/secure.gravatar.com\/avatar\/bd173d2445127dd90bbfcbfdb8d0bacc9013b10478fb045d27f5cf064afd0276?s=100&#038;d=mm&#038;r=g' srcset='https:\/\/secure.gravatar.com\/avatar\/bd173d2445127dd90bbfcbfdb8d0bacc9013b10478fb045d27f5cf064afd0276?s=200&#038;d=mm&#038;r=g 2x' class='avatar avatar-100 photo' height='100' width='100' \/>\t\t\t\t\t<p>Responsable communication<\/p>\n<p>Sp\u00e9cialiste du blabla en tout genre, la preuve !<\/p>\n\t\t\t\t<\/div>\n\t\t\t<\/div>\n\n\t\t\n\t\t\t<div class=\"wcorg-organizer\">\n\t\t\t\t<h2>Meriem Boudjema\u00ef<\/h2>\n\t\t\t\t<div class=\"wcorg-organizer-description\">\n\t\t\t\t\t\t\t\t\t\t<img alt='' src='https:\/\/secure.gravatar.com\/avatar\/?s=100&#038;d=mm&#038;r=g' srcset='https:\/\/secure.gravatar.com\/avatar\/?s=200&#038;d=mm&#038;r=g 2x' class='avatar avatar-100 photo avatar-default' height='100' width='100' \/>\t\t\t\t\t<p>Responsable After Party<\/p>\n<p>Sp\u00e9cialiste de la bonne humeur (be happy!) des bi\u00e8res et du gaming<\/p>\n\t\t\t\t<\/div>\n\t\t\t<\/div>\n\n\t\t\n\t\t\t<div class=\"wcorg-organizer\">\n\t\t\t\t<h2>Trello Bot<\/h2>\n\t\t\t\t<div class=\"wcorg-organizer-description\">\n\t\t\t\t\t\t\t\t\t\t<img alt='' src='https:\/\/secure.gravatar.com\/avatar\/?s=100&#038;d=mm&#038;r=g' srcset='https:\/\/secure.gravatar.com\/avatar\/?s=200&#038;d=mm&#038;r=g 2x' class='avatar avatar-100 photo avatar-default' height='100' width='100' \/>\t\t\t\t\t<p>01001001 00100111 01101101 00100000 01010100 01110010 01100101 01101100 01101100 01101111 01101111 01110100 00101110<\/p>\n\t\t\t\t<\/div>\n\t\t\t<\/div>\n\n\t\t\n\t<\/div><!-- .wcorg-organizers -->\n\t\n","protected":false},"excerpt":{"rendered":"<p>Voici toutes les personnes impliqu\u00e9es dans l&rsquo;organisation de cette 1\u00e8re \u00e9dition du WordCamp Lille 2018<\/p>\n","protected":false},"author":6016133,"featured_media":0,"parent":0,"menu_order":0,"comment_status":"closed","ping_status":"closed","template":"","meta":{"_crdt_document":"","footnotes":""},"class_list":["post-12","page","type-page","status-publish","hentry"],"jetpack_sharing_enabled":true,"jetpack_shortlink":"https:\/\/wp.me\/PheMMP-c","_links":{"self":[{"href":"https:\/\/lille.wordcamp.org\/2018\/wp-json\/wp\/v2\/pages\/12","targetHints":{"allow":["GET"]}}],"collection":[{"href":"https:\/\/lille.wordcamp.org\/2018\/wp-json\/wp\/v2\/pages"}],"about":[{"href":"https:\/\/lille.wordcamp.org\/2018\/wp-json\/wp\/v2\/types\/page"}],"author":[{"embeddable":true,"href":"https:\/\/lille.wordcamp.org\/2018\/wp-json\/wp\/v2\/users\/6016133"}],"replies":[{"embeddable":true,"href":"https:\/\/lille.wordcamp.org\/2018\/wp-json\/wp\/v2\/comments?post=12"}],"version-history":[{"count":2,"href":"https:\/\/lille.wordcamp.org\/2018\/wp-json\/wp\/v2\/pages\/12\/revisions"}],"predecessor-version":[{"id":137,"href":"https:\/\/lille.wordcamp.org\/2018\/wp-json\/wp\/v2\/pages\/12\/revisions\/137"}],"wp:attachment":[{"href":"https:\/\/lille.wordcamp.org\/2018\/wp-json\/wp\/v2\/media?parent=12"}],"curies":[{"name":"wp","href":"https:\/\/api.w.org\/{rel}","templated":true}]}}