{"id":13,"date":"2018-10-18T09:51:29","date_gmt":"2018-10-18T09:51:29","guid":{"rendered":"https:\/\/2018.lille.wordcamp.org\/?page_id=13"},"modified":"2018-12-08T22:26:32","modified_gmt":"2018-12-08T21:26:32","slug":"billeterie","status":"publish","type":"page","link":"https:\/\/lille.wordcamp.org\/2018\/billeterie\/","title":{"rendered":"Billetterie"},"content":{"rendered":"<h2>R\u00e9servez vos places !<\/h2>\n<p>En r\u00e9servant un ou plusieurs billets pour le WordCamp Lille 2018, vous reconnaissez avoir pris connaissance et accepter les conditions suivantes :<\/p>\n<ul>\n<li>L\u2019adh\u00e9sion et le respect, en tant que participant, \u00e0 notre\u00a0<a href=\"https:\/\/2018.lille.wordcamp.org\/notre-code-de-conduite\/\">code de conduite<\/a>.<\/li>\n<li>Le remboursement des billets n\u2019est pas disponible pour un WordCamp.<\/li>\n<li>Vous consentez \u00e0 ce que votre image soit utilis\u00e9e dans les photos ou les vid\u00e9os qui seront prises ou enregistr\u00e9es durant l\u2019\u00e9v\u00e9nement et la soir\u00e9e.<\/li>\n<li>L\u2019adh\u00e9sion et le respect, en tant que sponsor, \u00e0 notre\u00a0<a href=\"https:\/\/2018.lille.wordcamp.org\/la-charte\/\">charte<\/a>.<\/li>\n<\/ul>\n<p>\ud83d\ude0d Votre entr\u00e9e vous donne acc\u00e8s \u00e0 <strong>la soir\u00e9e<\/strong> dont les places sont <strong>limit\u00e9es aux 100 premi\u00e8res personnes<\/strong> qui valident leur pr\u00e9sence. Vous aurez une case \u00e0 cocher lors de l&rsquo;achat du billet, si vous avez oubli\u00e9, contactez-nous au plus vite !<\/p>\n<p><em>Le WordCamp est termin\u00e9 !<\/em><\/p>\n<p><span style=\"font-size: 1rem\">\u00c0 tr\u00e8s vite !<\/span><\/p>\n","protected":false},"excerpt":{"rendered":"<p>R\u00e9servez vos places ! En r\u00e9servant un ou plusieurs billets pour le WordCamp Lille 2018, vous reconnaissez avoir pris connaissance et accepter les conditions suivantes : L\u2019adh\u00e9sion et le respect, en tant que participant, \u00e0 notre\u00a0code de conduite. Le remboursement des billets n\u2019est pas disponible pour un WordCamp. Vous consentez \u00e0 ce que votre image &hellip; <\/p>\n<p class=\"link-more\"><a href=\"https:\/\/lille.wordcamp.org\/2018\/billeterie\/\" class=\"more-link\">Continuer la lecture<span class=\"screen-reader-text\"> de &laquo;&nbsp;Billetterie&nbsp;&raquo;<\/span><\/a><\/p>\n","protected":false},"author":6016133,"featured_media":376,"parent":0,"menu_order":0,"comment_status":"closed","ping_status":"closed","template":"","meta":{"_crdt_document":"","footnotes":""},"class_list":["post-13","page","type-page","status-publish","has-post-thumbnail","hentry"],"jetpack_sharing_enabled":true,"jetpack_shortlink":"https:\/\/wp.me\/PheMMP-d","_links":{"self":[{"href":"https:\/\/lille.wordcamp.org\/2018\/wp-json\/wp\/v2\/pages\/13","targetHints":{"allow":["GET"]}}],"collection":[{"href":"https:\/\/lille.wordcamp.org\/2018\/wp-json\/wp\/v2\/pages"}],"about":[{"href":"https:\/\/lille.wordcamp.org\/2018\/wp-json\/wp\/v2\/types\/page"}],"author":[{"embeddable":true,"href":"https:\/\/lille.wordcamp.org\/2018\/wp-json\/wp\/v2\/users\/6016133"}],"replies":[{"embeddable":true,"href":"https:\/\/lille.wordcamp.org\/2018\/wp-json\/wp\/v2\/comments?post=13"}],"version-history":[{"count":9,"href":"https:\/\/lille.wordcamp.org\/2018\/wp-json\/wp\/v2\/pages\/13\/revisions"}],"predecessor-version":[{"id":1441,"href":"https:\/\/lille.wordcamp.org\/2018\/wp-json\/wp\/v2\/pages\/13\/revisions\/1441"}],"wp:featuredmedia":[{"embeddable":true,"href":"https:\/\/lille.wordcamp.org\/2018\/wp-json\/wp\/v2\/media\/376"}],"wp:attachment":[{"href":"https:\/\/lille.wordcamp.org\/2018\/wp-json\/wp\/v2\/media?parent=13"}],"curies":[{"name":"wp","href":"https:\/\/api.w.org\/{rel}","templated":true}]}}