{"id":7,"date":"2018-04-06T10:26:15","date_gmt":"2018-04-06T10:26:15","guid":{"rendered":"https:\/\/2018.lille.wordcamp.org\/schedule\/"},"modified":"2018-11-12T16:57:49","modified_gmt":"2018-11-12T15:57:49","slug":"programme","status":"publish","type":"page","link":"https:\/\/lille.wordcamp.org\/2018\/programme\/","title":{"rendered":"Le programme"},"content":{"rendered":"\n<p class=\"has-drop-cap wp-block-paragraph\">Nous vous accueillons le 7 d\u00e9cembre 2018 au <a href=\"https:\/\/2018.lille.wordcamp.org\/lieu\/\">Nouveau Si\u00e8cle<\/a> \u00e0 partir de <strong>8h30<\/strong>. Un accueil caf\u00e9, boissons chaudes&nbsp;\u2615 et viennoiseries vous sera propos\u00e9.<\/p>\n\n\n\n<p class=\"wp-block-paragraph\">Le WordCamp d\u00e9butera \u00e0 <strong>9h00 (pile!)<\/strong> par nos remarques d&rsquo;ouverture, lesquelles se d\u00e9rouleront dans la salle des conf\u00e9rences. \u00c0 <strong>17h35<\/strong>, nous nous regrouperons \u00e0 nouveau dans cette salle pour nos remarques de cl\u00f4ture.<\/p>\n\n\n\n<p class=\"wp-block-paragraph\">Vous trouverez, ci-dessous le programme des interventions r\u00e9parties par salle (de conf\u00e9rences ou d&rsquo;ateliers).<\/p>\n\n\n<table class=\"wcpt-schedule\" border=\"0\"><thead><tr><th class=\"wcpt-col-time\">Heure<\/th><th class=\"wcpt-col-track\"> <span class=\"wcpt-track-name\">Conf\u00e9rences<\/span> <span class=\"wcpt-track-description\"><\/span> <\/th><th class=\"wcpt-col-track\"> <span class=\"wcpt-track-name\">Ateliers<\/span> <span class=\"wcpt-track-description\"><\/span> <\/th><\/tr><\/thead><tbody><tr class=\"wcpt-time-0830 global-session accueil-des-participantes\"><td class=\"wcpt-time\">08:30<\/td><td colspan=\"2\" class=\"wcb-track-ateliers wcb-track-conferences wcpt-session-type-custom wcb-session-accueil-des-participant%c2%b7e%c2%b7s\" data-track-title=\"Ateliers, Conf\u00e9rences\" data-session-id=\"844\"><div class=\"wcb-session-cell-content\"><span class=\"wcpt-session-title\">Accueil des participant\u00b7e\u00b7s<\/span><\/div><\/td><\/tr><tr class=\"wcpt-time-0900\"><td class=\"wcpt-time\">09:00<\/td><td colspan=\"1\" class=\"wcb-track-conferences wcpt-session-type-custom wcb-session-remarques-douverture\" data-track-title=\"Conf\u00e9rences\" data-session-id=\"845\"><div class=\"wcb-session-cell-content\"><span class=\"wcpt-session-title\">Remarques d&rsquo;ouverture<\/span><\/div><\/td><td class=\"wcpt-session-empty\"><\/td><\/tr><tr class=\"wcpt-time-0925\"><td class=\"wcpt-time\">09:25<\/td><td colspan=\"1\" class=\"wcb-speaker-sylvie-clement wcb-track-conferences wcb-session-category-bonnes-pratiques-de-developpement wcpt-session-type-session wcb-session-coder-ou-ne-pas-coder-questions-pratico-philosophiques\" data-track-title=\"Conf\u00e9rences\" data-session-id=\"836\"><div class=\"wcb-session-cell-content\"><a class=\"wcpt-session-title\" href=\"https:\/\/lille.wordcamp.org\/2018\/session\/coder-ou-ne-pas-coder-questions-pratico-philosophiques\/\">Coder ou ne pas coder ?<\/a> <span class=\"wcpt-session-speakers\"><a href=\"https:\/\/lille.wordcamp.org\/2018\/orateur-rice-s\/#wcorg-speaker-sylvie-clement\">Sylvie Cl\u00e9ment<\/a><\/span><\/div><div class=\"wcb-session-favourite-icon\"><a href=\"#\" role=\"button\" class=\"fav-session-button\" aria-pressed=\"false\"><span class=\"screen-reader-text\">Session pr\u00e9f\u00e9r\u00e9e\u00a0: Coder ou ne pas coder ?<\/span><span class=\"dashicons dashicons-star-filled\"><\/span><\/a><\/div><\/td><td colspan=\"1\" class=\"wcb-speaker-nicolas-mercatili wcb-track-ateliers wcb-session-category-business wcpt-session-type-session wcb-session-se-donner-de-la-visibilite-et-transmettre-de-la-confiance-quand-on-se-lance-en-freelance\" data-track-title=\"Ateliers\" data-session-id=\"838\"><div class=\"wcb-session-cell-content\"><a class=\"wcpt-session-title\" href=\"https:\/\/lille.wordcamp.org\/2018\/session\/se-donner-de-la-visibilite-et-transmettre-de-la-confiance-quand-on-se-lance-en-freelance\/\">Se donner de la visibilit\u00e9 et transmettre de la confiance quand on se lance en freelance<\/a> <span class=\"wcpt-session-speakers\"><a href=\"https:\/\/lille.wordcamp.org\/2018\/orateur-rice-s\/#wcorg-speaker-nicolas-mercatili\">Nicolas Mercatili<\/a><\/span><\/div><div class=\"wcb-session-favourite-icon\"><a href=\"#\" role=\"button\" class=\"fav-session-button\" aria-pressed=\"false\"><span class=\"screen-reader-text\">Session pr\u00e9f\u00e9r\u00e9e\u00a0: Se donner de la visibilit\u00e9 et transmettre de la confiance quand on se lance en freelance<\/span><span class=\"dashicons dashicons-star-filled\"><\/span><\/a><\/div><\/td><\/tr><tr class=\"wcpt-time-1015 global-session pause-de-la-matine\"><td class=\"wcpt-time\">10:15<\/td><td colspan=\"2\" class=\"wcb-track-ateliers wcb-track-conferences wcpt-session-type-custom wcb-session-pause-de-la-matinee\" data-track-title=\"Ateliers, Conf\u00e9rences\" data-session-id=\"842\"><div class=\"wcb-session-cell-content\"><span class=\"wcpt-session-title\">Pause de la matin\u00e9e<\/span><\/div><\/td><\/tr><tr class=\"wcpt-time-1030\"><td class=\"wcpt-time\">10:30<\/td><td colspan=\"1\" class=\"wcb-speaker-yannick-chizzolini wcb-track-conferences wcb-session-category-business wcb-session-category-conformite wcpt-session-type-session wcb-session-collecter-des-e-mails-en-adoptant-les-bonnes-pratiques-pour-booster-votre-business\" data-track-title=\"Conf\u00e9rences\" data-session-id=\"834\"><div class=\"wcb-session-cell-content\"><a class=\"wcpt-session-title\" href=\"https:\/\/lille.wordcamp.org\/2018\/session\/collecter-des-e-mails-en-adoptant-les-bonnes-pratiques-pour-booster-votre-business\/\">Collecter des e-mails en adoptant les bonnes pratiques pour booster votre business.<\/a> <span class=\"wcpt-session-speakers\"><a href=\"https:\/\/lille.wordcamp.org\/2018\/orateur-rice-s\/#wcorg-speaker-yannick-chizzolini\">Yannick Chizzolini<\/a><\/span><\/div><div class=\"wcb-session-favourite-icon\"><a href=\"#\" role=\"button\" class=\"fav-session-button\" aria-pressed=\"false\"><span class=\"screen-reader-text\">Session pr\u00e9f\u00e9r\u00e9e\u00a0: Collecter des e-mails en adoptant les bonnes pratiques pour booster votre business.<\/span><span class=\"dashicons dashicons-star-filled\"><\/span><\/a><\/div><\/td><td colspan=\"1\" class=\"wcb-speaker-thomas-villain wcb-track-ateliers wcb-session-category-accessibilite wcb-session-category-design wcpt-session-type-session wcb-session-un-design-accessible\" data-track-title=\"Ateliers\" data-session-id=\"548\"><div class=\"wcb-session-cell-content\"><a class=\"wcpt-session-title\" href=\"https:\/\/lille.wordcamp.org\/2018\/session\/un-design-accessible\/\">Un design accessible<\/a> <span class=\"wcpt-session-speakers\"><a href=\"https:\/\/lille.wordcamp.org\/2018\/orateur-rice-s\/#wcorg-speaker-thomas-villain\">Thomas Villain<\/a><\/span><\/div><div class=\"wcb-session-favourite-icon\"><a href=\"#\" role=\"button\" class=\"fav-session-button\" aria-pressed=\"false\"><span class=\"screen-reader-text\">Session pr\u00e9f\u00e9r\u00e9e\u00a0: Un design accessible<\/span><span class=\"dashicons dashicons-star-filled\"><\/span><\/a><\/div><\/td><\/tr><tr class=\"wcpt-time-1125\"><td class=\"wcpt-time\">11:25<\/td><td colspan=\"1\" class=\"wcb-speaker-yannis-pou-vich wcb-speaker-dylan-cozian wcb-track-conferences wcb-session-category-design wcpt-session-type-session wcb-session-peut-on-creer-une-experience-digitale-immersive-sur-wordpress\" data-track-title=\"Conf\u00e9rences\" data-session-id=\"835\"><div class=\"wcb-session-cell-content\"><a class=\"wcpt-session-title\" href=\"https:\/\/lille.wordcamp.org\/2018\/session\/peut-on-creer-une-experience-digitale-immersive-sur-wordpress\/\">Peut-on cr\u00e9er une exp\u00e9rience digitale immersive sur WordPress ?<\/a> <span class=\"wcpt-session-speakers\"><a href=\"https:\/\/lille.wordcamp.org\/2018\/orateur-rice-s\/#wcorg-speaker-yannis-pou-vich\">Yannis Pou-vich<\/a>, <a href=\"https:\/\/lille.wordcamp.org\/2018\/orateur-rice-s\/#wcorg-speaker-dylan-cozian\">Dylan Cozian<\/a><\/span><\/div><div class=\"wcb-session-favourite-icon\"><a href=\"#\" role=\"button\" class=\"fav-session-button\" aria-pressed=\"false\"><span class=\"screen-reader-text\">Session pr\u00e9f\u00e9r\u00e9e\u00a0: Peut-on cr\u00e9er une exp\u00e9rience digitale immersive sur WordPress ?<\/span><span class=\"dashicons dashicons-star-filled\"><\/span><\/a><\/div><\/td><td colspan=\"1\" class=\"wcb-speaker-laurie-anne wcb-track-ateliers wcb-session-category-conformite wcpt-session-type-session wcb-session-le-rgpd-explique-par-mes-chats\" data-track-title=\"Ateliers\" data-session-id=\"560\"><div class=\"wcb-session-cell-content\"><a class=\"wcpt-session-title\" href=\"https:\/\/lille.wordcamp.org\/2018\/session\/le-rgpd-explique-par-mes-chats\/\">Le RGPD expliqu\u00e9 par mes chats<\/a> <span class=\"wcpt-session-speakers\"><a href=\"https:\/\/lille.wordcamp.org\/2018\/orateur-rice-s\/#wcorg-speaker-laurie-anne\">Laurie-Anne Bourdain<\/a><\/span><\/div><div class=\"wcb-session-favourite-icon\"><a href=\"#\" role=\"button\" class=\"fav-session-button\" aria-pressed=\"false\"><span class=\"screen-reader-text\">Session pr\u00e9f\u00e9r\u00e9e\u00a0: Le RGPD expliqu\u00e9 par mes chats<\/span><span class=\"dashicons dashicons-star-filled\"><\/span><\/a><\/div><\/td><\/tr><tr class=\"wcpt-time-1215 global-session djeuner\"><td class=\"wcpt-time\">12:15<\/td><td colspan=\"2\" class=\"wcb-track-ateliers wcb-track-conferences wcpt-session-type-custom wcb-session-dejeuner\" data-track-title=\"Ateliers, Conf\u00e9rences\" data-session-id=\"642\"><div class=\"wcb-session-cell-content\"><span class=\"wcpt-session-title\">D\u00e9jeuner<\/span><\/div><\/td><\/tr><tr class=\"wcpt-time-1330\"><td class=\"wcpt-time\">13:30<\/td><td colspan=\"1\" class=\"wcb-speaker-sandra-boulou wcb-track-conferences wcb-session-category-e-commerce wcb-session-category-referencement wcpt-session-type-session wcb-session-des-fiches-produits-performantes-avec-woocommerce\" data-track-title=\"Conf\u00e9rences\" data-session-id=\"841\"><div class=\"wcb-session-cell-content\"><a class=\"wcpt-session-title\" href=\"https:\/\/lille.wordcamp.org\/2018\/session\/des-fiches-produits-performantes-avec-woocommerce\/\">Des fiches produits performantes avec WooCommerce<\/a> <span class=\"wcpt-session-speakers\"><a href=\"https:\/\/lille.wordcamp.org\/2018\/orateur-rice-s\/#wcorg-speaker-sandra-boulou\">Sandra Boulou<\/a><\/span><\/div><div class=\"wcb-session-favourite-icon\"><a href=\"#\" role=\"button\" class=\"fav-session-button\" aria-pressed=\"false\"><span class=\"screen-reader-text\">Session pr\u00e9f\u00e9r\u00e9e\u00a0: Des fiches produits performantes avec WooCommerce<\/span><span class=\"dashicons dashicons-star-filled\"><\/span><\/a><\/div><\/td><td colspan=\"1\" class=\"wcb-speaker-michael-gout wcb-track-ateliers wcb-session-category-gutenberg wcpt-session-type-session wcb-session-en-route-vers-gutenberg\" data-track-title=\"Ateliers\" data-session-id=\"831\"><div class=\"wcb-session-cell-content\"><a class=\"wcpt-session-title\" href=\"https:\/\/lille.wordcamp.org\/2018\/session\/en-route-vers-gutenberg\/\">En route vers Gutenberg<\/a> <span class=\"wcpt-session-speakers\"><a href=\"https:\/\/lille.wordcamp.org\/2018\/orateur-rice-s\/#wcorg-speaker-michael-gout\">Michael Gout<\/a><\/span><\/div><div class=\"wcb-session-favourite-icon\"><a href=\"#\" role=\"button\" class=\"fav-session-button\" aria-pressed=\"false\"><span class=\"screen-reader-text\">Session pr\u00e9f\u00e9r\u00e9e\u00a0: En route vers Gutenberg<\/span><span class=\"dashicons dashicons-star-filled\"><\/span><\/a><\/div><\/td><\/tr><tr class=\"wcpt-time-1425\"><td class=\"wcpt-time\">14:25<\/td><td colspan=\"1\" class=\"wcb-speaker-nicolas-bel wcb-speaker-sullivan-atatri wcb-track-conferences wcb-session-category-bonnes-pratiques-de-developpement wcb-session-category-gutenberg wcb-session-category-mobile wcpt-session-type-session wcb-session-retour-dexperience-sur-la-realisation-du-site-de-la-ville-de-roubaix\" data-track-title=\"Conf\u00e9rences\" data-session-id=\"837\"><div class=\"wcb-session-cell-content\"><a class=\"wcpt-session-title\" href=\"https:\/\/lille.wordcamp.org\/2018\/session\/retour-dexperience-sur-la-realisation-du-site-de-la-ville-de-roubaix\/\">Retour d&rsquo;exp\u00e9rience sur la r\u00e9alisation du site de la ville de Roubaix<\/a> <span class=\"wcpt-session-speakers\"><a href=\"https:\/\/lille.wordcamp.org\/2018\/orateur-rice-s\/#wcorg-speaker-nicolas-bel\">Nicolas Bel<\/a>, <a href=\"https:\/\/lille.wordcamp.org\/2018\/orateur-rice-s\/#wcorg-speaker-sullivan-atatri\">Sullivan Atatri<\/a><\/span><\/div><div class=\"wcb-session-favourite-icon\"><a href=\"#\" role=\"button\" class=\"fav-session-button\" aria-pressed=\"false\"><span class=\"screen-reader-text\">Session pr\u00e9f\u00e9r\u00e9e\u00a0: Retour d&rsquo;exp\u00e9rience sur la r\u00e9alisation du site de la ville de Roubaix<\/span><span class=\"dashicons dashicons-star-filled\"><\/span><\/a><\/div><\/td><td colspan=\"1\" class=\"wcb-speaker-maxime-varinard wcb-track-ateliers wcb-session-category-e-commerce wcpt-session-type-session wcb-session-comprendre-et-utiliser-lapi-rest-de-woocommerce-2\" data-track-title=\"Ateliers\" data-session-id=\"833\"><div class=\"wcb-session-cell-content\"><a class=\"wcpt-session-title\" href=\"https:\/\/lille.wordcamp.org\/2018\/session\/comprendre-et-utiliser-lapi-rest-de-woocommerce-2\/\">Comprendre et utiliser l&rsquo;API Rest de WooCommerce<\/a> <span class=\"wcpt-session-speakers\"><a href=\"https:\/\/lille.wordcamp.org\/2018\/orateur-rice-s\/#wcorg-speaker-maxime-varinard\">Maxime Varinard<\/a><\/span><\/div><div class=\"wcb-session-favourite-icon\"><a href=\"#\" role=\"button\" class=\"fav-session-button\" aria-pressed=\"false\"><span class=\"screen-reader-text\">Session pr\u00e9f\u00e9r\u00e9e\u00a0: Comprendre et utiliser l&rsquo;API Rest de WooCommerce<\/span><span class=\"dashicons dashicons-star-filled\"><\/span><\/a><\/div><\/td><\/tr><tr class=\"wcpt-time-1520\"><td class=\"wcpt-time\">15:20<\/td><td colspan=\"1\" class=\"wcb-speaker-hadrien-baudin wcb-track-conferences wcb-session-category-performance wcb-session-category-referencement wcpt-session-type-session wcb-session-comment-tirer-le-meilleur-profit-de-wordpress-pour-son-seo\" data-track-title=\"Conf\u00e9rences\" data-session-id=\"839\"><div class=\"wcb-session-cell-content\"><a class=\"wcpt-session-title\" href=\"https:\/\/lille.wordcamp.org\/2018\/session\/comment-tirer-le-meilleur-profit-de-wordpress-pour-son-seo\/\">Comment tirer le meilleur profit de WordPress pour son SEO\u00a0?<\/a> <span class=\"wcpt-session-speakers\"><a href=\"https:\/\/lille.wordcamp.org\/2018\/orateur-rice-s\/#wcorg-speaker-hadrien-baudin\">Hadrien Baudin<\/a><\/span><\/div><div class=\"wcb-session-favourite-icon\"><a href=\"#\" role=\"button\" class=\"fav-session-button\" aria-pressed=\"false\"><span class=\"screen-reader-text\">Session pr\u00e9f\u00e9r\u00e9e\u00a0: Comment tirer le meilleur profit de WordPress pour son SEO\u00a0?<\/span><span class=\"dashicons dashicons-star-filled\"><\/span><\/a><\/div><\/td><td colspan=\"1\" class=\"wcb-speaker-romain-etchegoyhen wcb-track-ateliers wcb-session-category-bonnes-pratiques-de-developpement wcpt-session-type-session wcb-session-developper-avec-docker-pour-wordpress\" data-track-title=\"Ateliers\" data-session-id=\"840\"><div class=\"wcb-session-cell-content\"><a class=\"wcpt-session-title\" href=\"https:\/\/lille.wordcamp.org\/2018\/session\/developper-avec-docker-pour-wordpress\/\">D\u00e9velopper avec Docker pour WordPress<\/a> <span class=\"wcpt-session-speakers\"><a href=\"https:\/\/lille.wordcamp.org\/2018\/orateur-rice-s\/#wcorg-speaker-romain-etchegoyhen\">Romain Etchegoyhen<\/a><\/span><\/div><div class=\"wcb-session-favourite-icon\"><a href=\"#\" role=\"button\" class=\"fav-session-button\" aria-pressed=\"false\"><span class=\"screen-reader-text\">Session pr\u00e9f\u00e9r\u00e9e\u00a0: D\u00e9velopper avec Docker pour WordPress<\/span><span class=\"dashicons dashicons-star-filled\"><\/span><\/a><\/div><\/td><\/tr><tr class=\"wcpt-time-1610 global-session goter\"><td class=\"wcpt-time\">16:10<\/td><td colspan=\"2\" class=\"wcb-track-ateliers wcb-track-conferences wcpt-session-type-custom wcb-session-gouter\" data-track-title=\"Ateliers, Conf\u00e9rences\" data-session-id=\"843\"><div class=\"wcb-session-cell-content\"><span class=\"wcpt-session-title\">Go\u00fbter<\/span><\/div><\/td><\/tr><tr class=\"wcpt-time-1640\"><td class=\"wcpt-time\">16:40<\/td><td colspan=\"1\" class=\"wcb-speaker-julien-machu wcb-speaker-jean-baptiste-lavisse wcb-track-conferences wcpt-session-type-session wcb-session-utiliser-wordpress-en-tant-que-generateur-de-site-statique\" data-track-title=\"Conf\u00e9rences\" data-session-id=\"832\"><div class=\"wcb-session-cell-content\"><a class=\"wcpt-session-title\" href=\"https:\/\/lille.wordcamp.org\/2018\/session\/utiliser-wordpress-en-tant-que-generateur-de-site-statique\/\">Utiliser WordPress en tant que g\u00e9n\u00e9rateur de site statique<\/a> <span class=\"wcpt-session-speakers\"><a href=\"https:\/\/lille.wordcamp.org\/2018\/orateur-rice-s\/#wcorg-speaker-julien-machu\">Julien Machu<\/a>, <a href=\"https:\/\/lille.wordcamp.org\/2018\/orateur-rice-s\/#wcorg-speaker-jean-baptiste-lavisse\">Jean-Baptiste Lavisse<\/a><\/span><\/div><div class=\"wcb-session-favourite-icon\"><a href=\"#\" role=\"button\" class=\"fav-session-button\" aria-pressed=\"false\"><span class=\"screen-reader-text\">Session pr\u00e9f\u00e9r\u00e9e\u00a0: Utiliser WordPress en tant que g\u00e9n\u00e9rateur de site statique<\/span><span class=\"dashicons dashicons-star-filled\"><\/span><\/a><\/div><\/td><td colspan=\"1\" class=\"wcb-speaker-camille-pacquet wcb-track-ateliers wcb-session-category-business wcb-session-category-support wcpt-session-type-session wcb-session-creer-un-site-wordpress-pour-une-tpe-petit-guide-de-survie-a-lusage-des-developpeurs-2\" data-track-title=\"Ateliers\" data-session-id=\"830\"><div class=\"wcb-session-cell-content\"><a class=\"wcpt-session-title\" href=\"https:\/\/lille.wordcamp.org\/2018\/session\/creer-un-site-wordpress-pour-une-tpe-petit-guide-de-survie-a-lusage-des-developpeurs-2\/\">Cr\u00e9er un site WordPress pour une TPE : petit guide de survie \u00e0 l\u2019usage des d\u00e9veloppeurs<\/a> <span class=\"wcpt-session-speakers\"><a href=\"https:\/\/lille.wordcamp.org\/2018\/orateur-rice-s\/#wcorg-speaker-camille-pacquet\">Camille Pacquet<\/a><\/span><\/div><div class=\"wcb-session-favourite-icon\"><a href=\"#\" role=\"button\" class=\"fav-session-button\" aria-pressed=\"false\"><span class=\"screen-reader-text\">Session pr\u00e9f\u00e9r\u00e9e\u00a0: Cr\u00e9er un site WordPress pour une TPE : petit guide de survie \u00e0 l\u2019usage des d\u00e9veloppeurs<\/span><span class=\"dashicons dashicons-star-filled\"><\/span><\/a><\/div><\/td><\/tr><tr class=\"wcpt-time-1735\"><td class=\"wcpt-time\">17:35<\/td><td colspan=\"1\" class=\"wcb-track-conferences wcpt-session-type-custom wcb-session-remarque-de-cloture\" data-track-title=\"Conf\u00e9rences\" data-session-id=\"648\"><div class=\"wcb-session-cell-content\"><span class=\"wcpt-session-title\">Remarques de cl\u00f4ture<\/span><\/div><\/td><td class=\"wcpt-session-empty\"><\/td><\/tr><tr class=\"wcpt-time-1800 global-session fin-du-wordcamp\"><td class=\"wcpt-time\">18:00<\/td><td colspan=\"2\" class=\"wcb-track-ateliers wcb-track-conferences wcpt-session-type-custom wcb-session-fin-du-wordcamp\" data-track-title=\"Ateliers, Conf\u00e9rences\" data-session-id=\"651\"><div class=\"wcb-session-cell-content\"><span class=\"wcpt-session-title\">Fin du WordCamp<\/span><\/div><\/td><\/tr><\/tbody><\/table>\n\t<div class=\"email-form fav-session-email-form-hide\">\n\t\t<!-- Tab links -->\n\t\t<div class=\"fav-session-share-tab\">\n\t\t\t\t\t\t\t<div class=\"fav-session-tablinks\" id=\"fav-session-btn-email\">\n\t\t\t\t\tE-mail\t\t\t\t<\/div>\n\t\t\t\n\t\t\t<div class=\"fav-session-tablinks\" id=\"fav-session-btn-link\">\n\t\t\t\tLien\t\t\t<\/div>\n\n\t\t\t<div class=\"fav-session-tablinks\" id=\"fav-session-btn-print\">\n\t\t\t\tImprimer\t\t\t<\/div>\n\t\t<\/div>\n\n\t\t<!-- Tab content -->\n\t\t\t\t\t<div id=\"fav-session-tab-email\" class=\"fav-session-share-tabcontent\">\n\t\t\t\t<div id=\"fav-session-email-form\">\n\t\t\t\t\tM\u2019envoyer mes sessions favorites\u00a0:\n\t\t\t\t\t<form id=\"fav-sessions-form\">\n\t\t\t\t\t\t<input\n\t\t\t\t\t\t\ttype=\"text\"\n\t\t\t\t\t\t\tname=\"email_address\"\n\t\t\t\t\t\t\tid=\"fav-sessions-email-address\"\n\t\t\t\t\t\t\tplaceholder=\"me@protonmail.com\"\n\t\t\t\t\t\t\/>\n\t\t\t\t\t\t<input type=\"submit\" value=\"Envoyer\" \/>\n\t\t\t\t\t<\/form>\n\t\t\t\t<\/div>\n\n\t\t\t\t<div class=\"fav-session-email-wait-spinner\"><\/div>\n\t\t\t\t<div class=\"fav-session-email-result\"><\/div>\n\t\t\t<\/div>\n\t\t\n\t\t<div id=\"fav-session-tab-link\" class=\"fav-session-share-tabcontent\">\n\t\t\tLien partageable\u00a0:\t\t\t<br \/>\n\t\t\t<a id=\"fav-sessions-link\" href=\"\"><\/a>\n\t\t<\/div>\n\n\t\t<div id=\"fav-session-tab-print\" class=\"fav-session-share-tabcontent\">\n\t\t\t<button id=\"fav-session-print\">\n\t\t\t\tAfficher les sessions favorites\t\t\t<\/button>\n\t\t<\/div>\n\t<\/div>\n\n\t<a class=\"show-email-form\" href=\"javascript:\">\n\t\t<span class=\"dashicons dashicons-star-filled\"><\/span>\n\t\t<span class=\"dashicons dashicons-email-alt\"><\/span>\n\t<\/a>\n\n\t\n\n\n\n<p class=\"wp-block-paragraph\" style=\"text-align:center\"><strong>Venez vivre avec eux cette journ\u00e9e de conf\u00e9rences et ateliers, le vendredi 07 d\u00e9cembre 2018.<\/strong><\/p>\n\n\n\n<div class=\"wp-block-button aligncenter is-style-squared\"><a class=\"wp-block-button__link has-background has-vivid-red-background-color\" href=\"https:\/\/2018.lille.wordcamp.org\/billeterie\/\">Acheter un billet<\/a><\/div>\n\n\n\n<p class=\"has-small-font-size wp-block-paragraph\"><em>Si vous \u00eates un\u00b7e professionnel\u00b7le du Web,je vous recommande le billet Ch&rsquo;ti Sponsor qui permet d&rsquo;am\u00e9liorer grandement l&rsquo;\u00e9v\u00e9nement (caf\u00e9 toute la journ\u00e9e, after-party, un gouter etc).<\/em><\/p>\n","protected":false},"excerpt":{"rendered":"<p>Nous vous accueillons le 7 d\u00e9cembre 2018 au Nouveau Si\u00e8cle \u00e0 partir de 8h30. Un accueil caf\u00e9, boissons chaudes&nbsp;\u2615 et viennoiseries vous sera propos\u00e9. Le WordCamp d\u00e9butera \u00e0 9h00 (pile!) par nos remarques d&rsquo;ouverture, lesquelles se d\u00e9rouleront dans la salle des conf\u00e9rences. \u00c0 17h35, nous nous regrouperons \u00e0 nouveau dans cette salle pour nos remarques &hellip; <\/p>\n<p class=\"link-more\"><a href=\"https:\/\/lille.wordcamp.org\/2018\/programme\/\" class=\"more-link\">Continuer la lecture<span class=\"screen-reader-text\"> de &laquo;&nbsp;Le programme&nbsp;&raquo;<\/span><\/a><\/p>\n","protected":false},"author":6016133,"featured_media":911,"parent":0,"menu_order":0,"comment_status":"closed","ping_status":"closed","template":"","meta":{"_crdt_document":"","footnotes":""},"class_list":["post-7","page","type-page","status-publish","has-post-thumbnail","hentry"],"jetpack_sharing_enabled":true,"jetpack_shortlink":"https:\/\/wp.me\/PheMMP-7","_links":{"self":[{"href":"https:\/\/lille.wordcamp.org\/2018\/wp-json\/wp\/v2\/pages\/7","targetHints":{"allow":["GET"]}}],"collection":[{"href":"https:\/\/lille.wordcamp.org\/2018\/wp-json\/wp\/v2\/pages"}],"about":[{"href":"https:\/\/lille.wordcamp.org\/2018\/wp-json\/wp\/v2\/types\/page"}],"author":[{"embeddable":true,"href":"https:\/\/lille.wordcamp.org\/2018\/wp-json\/wp\/v2\/users\/6016133"}],"replies":[{"embeddable":true,"href":"https:\/\/lille.wordcamp.org\/2018\/wp-json\/wp\/v2\/comments?post=7"}],"version-history":[{"count":7,"href":"https:\/\/lille.wordcamp.org\/2018\/wp-json\/wp\/v2\/pages\/7\/revisions"}],"predecessor-version":[{"id":936,"href":"https:\/\/lille.wordcamp.org\/2018\/wp-json\/wp\/v2\/pages\/7\/revisions\/936"}],"wp:featuredmedia":[{"embeddable":true,"href":"https:\/\/lille.wordcamp.org\/2018\/wp-json\/wp\/v2\/media\/911"}],"wp:attachment":[{"href":"https:\/\/lille.wordcamp.org\/2018\/wp-json\/wp\/v2\/media?parent=7"}],"curies":[{"name":"wp","href":"https:\/\/api.w.org\/{rel}","templated":true}]}}