{"id":757,"date":"2018-11-09T14:19:14","date_gmt":"2018-11-09T14:19:14","guid":{"rendered":"https:\/\/2018.lille.wordcamp.org\/?page_id=757"},"modified":"2018-12-03T15:48:15","modified_gmt":"2018-12-03T14:48:15","slug":"infos-pratiques","status":"publish","type":"page","link":"https:\/\/lille.wordcamp.org\/2018\/infos-pratiques\/","title":{"rendered":"Infos pratiques"},"content":{"rendered":"\n<h2 class=\"wp-block-heading\">Pratico-pratique<\/h2>\n\n\n\n<p class=\"wp-block-paragraph\"><strong>Combien<\/strong> ? Seulement <strong>20<\/strong> euros, procurez-vous <a href=\"https:\/\/2018.lille.wordcamp.org\/billeterie\/\">votre billet<\/a> !<br><strong>Quoi<\/strong> ? <strong>14<\/strong> conf\u00e9rences et ateliers, avec petit d\u00e9jeuner, repas, go\u00fbter, caf\u00e9 et boissons compris.<br><strong>Quand<\/strong> ? Le <strong>07 d\u00e9cembre 2018<\/strong> de 9h00 \u00e0 18h00 <em>(Petit d\u00e9jeuner \u00e0 8h30 pour les gourmands et gourmandes !)<\/em><br><strong>Qui<\/strong> ? <strong>250<\/strong> personnes attendues<br><strong>O\u00f9<\/strong> ? Au \u201cNouveau Si\u00e8cle\u201d \u00e0 <strong>Lille<\/strong> dans le Nord (59)<\/p>\n\n\n\n<h3 class=\"wp-block-heading\">Le programme de la journ\u00e9e<\/h3>\n\n\n\n<figure class=\"wp-block-embed-wordpress wp-block-embed is-type-wp-embed is-provider-wordcamp-lille-2018\"><div class=\"wp-block-embed__wrapper\">\nhttps:\/\/2018.lille.wordcamp.org\/programme\/\n<\/div><\/figure>\n\n\n\n<h2 class=\"wp-block-heading\">Se restaurer<\/h2>\n\n\n\n<figure class=\"wp-block-embed-wordpress wp-block-embed is-type-wp-embed is-provider-wordcamp-lille-2018\"><div class=\"wp-block-embed__wrapper\">\nhttps:\/\/2018.lille.wordcamp.org\/2018\/11\/25\/se-restaurer-pendant-le-wordcamp\/\n<\/div><\/figure>\n\n\n\n<h3 class=\"wp-block-heading\">Participer en tant que visiteur<\/h3>\n\n\n\n<p class=\"wp-block-paragraph\">Une <strong>journ\u00e9e<\/strong> de conf\u00e9rences et ateliers en live, posez vos <strong>questions<\/strong> aux orateurs et conf\u00e9renci\u00e8res, rencontrez votre futur <strong>employeur<\/strong>, cr\u00e9ez de nouveaux liens <strong>d&rsquo;amiti\u00e9<\/strong> et de <strong>business<\/strong> aussi, le tout pour 20 \u20ac, nourriture, goodies, ambiance incluses !<\/p>\n\n\n\n<p class=\"has-small-font-size wp-block-paragraph\"><em>Nous recommandons aux petits et grands professionnels de s&rsquo;orienter vers le ticket \u201cCh&rsquo;ti Sponsor\u201d afin de faire de cet \u00e9v\u00e9nement une journ\u00e9e inoubliable pour tout le monde.<\/em><\/p>\n\n\n\n<figure class=\"wp-block-embed-wordpress wp-block-embed is-type-wp-embed is-provider-wordcamp-lille-2018\"><div class=\"wp-block-embed__wrapper\">\nhttps:\/\/2018.lille.wordcamp.org\/billeterie\/\n<\/div><figcaption><br><\/figcaption><\/figure>\n\n\n\n<h2 class=\"wp-block-heading\">H\u00e9bergements<\/h2>\n\n\n\n<p class=\"wp-block-paragraph\">Si vous n&rsquo;habitez pas \u00e0 proximit\u00e9 de <strong>Lille<\/strong>, nous vous avons fait une s\u00e9lection de logements type h\u00f4tels &amp; Airbnb \u00e0 proximit\u00e9 du lieu de l&rsquo;\u00e9v\u00e9nement.<\/p>\n\n\n\n<figure class=\"wp-block-image\"><img loading=\"lazy\" decoding=\"async\" width=\"1050\" height=\"701\" src=\"https:\/\/2018.lille.wordcamp.org\/files\/2018\/11\/hotel.jpeg\" alt=\"\" class=\"wp-image-734\" srcset=\"https:\/\/lille.wordcamp.org\/2018\/files\/2018\/11\/hotel.jpeg 1050w, https:\/\/lille.wordcamp.org\/2018\/files\/2018\/11\/hotel-300x200.jpeg 300w, https:\/\/lille.wordcamp.org\/2018\/files\/2018\/11\/hotel-768x513.jpeg 768w, https:\/\/lille.wordcamp.org\/2018\/files\/2018\/11\/hotel-1024x684.jpeg 1024w, https:\/\/lille.wordcamp.org\/2018\/files\/2018\/11\/hotel-449x300.jpeg 449w\" sizes=\"auto, (max-width: 767px) 89vw, (max-width: 1000px) 54vw, (max-width: 1071px) 543px, 580px\" \/><figcaption><em>Cr\u00e9dits&nbsp;<\/em><a href=\"https:\/\/unsplash.com\/photos\/TWIdNRF33TM\"><em>Bill Anastas<\/em><\/a><\/figcaption><\/figure>\n\n\n\n<h3 class=\"wp-block-heading\">H\u00f4tels<\/h3>\n\n\n\n<p class=\"wp-block-paragraph\"><strong><a href=\"https:\/\/www.accorhotels.com\/fr\/hotel-0918-novotel-lille-centre-grand-place\/index.shtml\">H\u00f4tel Novotel Lille Centre Grand Place<\/a><\/strong>\n90 \u20ac &#8211; H\u00f4tel quatre \u00e9toiles\n116 Rue de l&rsquo;H\u00f4pital Militaire, 59000 Lille &#8211; 03 28 38 53 53<\/p>\n\n\n\n<p class=\"wp-block-paragraph\"><strong><a href=\"https:\/\/www.accorhotels.com\/fr\/hotel-0902-ibis-lille-centre-grand-place\/index.shtml\">H\u00f4tel ibis Lille Centre Grand Place<\/a><\/strong>\n75 \u20ac\nH\u00f4tel trois \u00e9toiles\n21 Rue Lepelletier, 59000 Lille &#8211; 03 20 06 21 95<\/p>\n\n\n\n<p class=\"wp-block-paragraph\"><strong><a href=\"http:\/\/www.hotel-la-paix.com\/fr\/\">H\u00f4tel De La Paix<\/a><\/strong>\n81 \u20ac &#8211; H\u00f4tel trois \u00e9toiles\n46Bis Rue Pierre Mauroy, 59800 Lille &#8211; 03 20 54 63 93<\/p>\n\n\n\n<p class=\"wp-block-paragraph\"><strong><a href=\"http:\/\/www.grandhotellille.com\/\">Grand H\u00f4tel Lille<\/a><\/strong>\n57 \u20ac &#8211; H\u00f4tel deux \u00e9toiles\n51 Rue Faidherbe, 59000 Lille &#8211; 03 20 06 31 57<\/p>\n\n\n\n<h3 class=\"wp-block-heading\">AirBnb<\/h3>\n\n\n\n<p class=\"wp-block-paragraph\"><strong><a href=\"https:\/\/www.airbnb.fr\/rooms\/21456861?location=Lille%2C%20France&amp;adults=1&amp;children=0&amp;infants=0&amp;s=R-7WDEwv\">Spacieux Appartement Grand&rsquo;Place<\/a><\/strong>\n10 voyageurs \/ 3 chambres \/ 6 lits \/ 1 salle de bain<\/p>\n\n\n\n<p class=\"wp-block-paragraph\"><a href=\"https:\/\/www.airbnb.fr\/rooms\/15581735?location=Lille%2C%20France&amp;adults=1&amp;children=0&amp;infants=0&amp;s=R-7WDEwv\"><strong>Chez YANN, appart pour 4 en HYPERCENTRE de Lille<\/strong><\/a>\n4 voyageurs \/ 1 chambre \/ 4 lits \/ 1 salle de bain<\/p>\n\n\n\n<p class=\"wp-block-paragraph\"><strong><a href=\"https:\/\/www.airbnb.fr\/rooms\/13988693?adults=4&amp;children=0&amp;infants=0&amp;toddlers=0&amp;s=OOoy-5sS\">Appartement au c\u0153ur du vieux Lille<\/a><\/strong>\n4 voyageurs \/ 1 chambre \/ 2 lits \/ 1 salle de bain<\/p>\n\n\n\n<p class=\"wp-block-paragraph\"><strong><a href=\"https:\/\/www.airbnb.fr\/rooms\/6906575?location=Lille%2C%20France&amp;adults=1&amp;children=0&amp;infants=0&amp;s=1oYrKVi7\">Maison Charme 17e Vieux Lille<\/a><\/strong>\n6 voyageurs \/ 3 chambres \/ 4 lits \/ 2 salles de bain<\/p>\n\n\n\n<p class=\"wp-block-paragraph\"><strong><a href=\"https:\/\/www.airbnb.fr\/rooms\/17954543?adults=4&amp;children=0&amp;infants=0&amp;toddlers=0&amp;s=OOoy-5sS\">Vieux Lille &#8211; Superbe appartement avec terrasse !<\/a><\/strong>\n4 voyageurs \/ 2 chambres \/ 2 lits \/ 1 salle de bain<\/p>\n\n\n\n<h2 class=\"wp-block-heading\">Orientation<\/h2>\n\n\n\n<p class=\"wp-block-paragraph\">L&rsquo;\u00e9v\u00e9nement se d\u00e9roulera au \u00ab\u00a0<strong>Nouveau Si\u00e8cle<\/strong>\u00a0\u00bb au centre ville de Lille \u00e0 10 min \u00e0 pied des deux gares de Lille (Flandres &amp; Europe) et proche d&rsquo;un maximum de transports en commun (m\u00e9tro, bus, v\u00e9los V&rsquo;Lille).<\/p>\n\n\n\n<figure class=\"wp-block-embed-wordpress wp-block-embed is-type-wp-embed is-provider-wordcamp-lille-2018\"><div class=\"wp-block-embed__wrapper\">\nhttps:\/\/2018.lille.wordcamp.org\/lieu\/\n<\/div><\/figure>\n\n\n\n<h3 class=\"wp-block-heading\">Stationnement<\/h3>\n\n\n\n<p class=\"wp-block-paragraph\">Le stationnement est payant \u00e0 Lille, si vous venez avec votre v\u00e9hicule, deux parking sont disponibles :<\/p>\n\n\n\n<p class=\"wp-block-paragraph\"><strong><a href=\"https:\/\/www.effia.com\/parking\/parking-lille-nouveau-siecle-effia\">Parking EFFIA Nouveau Si\u00e8cle<\/a><\/strong>\n19 Place Pierre Mend\u00e8s France\n03 20 17 06 84&nbsp; \/ Ouvert 24 h\/24\nHauteur max : 2.30m \/ Tarif : 12.50\u20ac\/24h<\/p>\n\n\n\n<p class=\"wp-block-paragraph\"><strong><a href=\"https:\/\/www.effia.com\/parking\/parking-lille-opera-effia\">Parking Lille Op\u00e9ra &#8211; EFFIA<\/a><\/strong>\nBoulevard Carnot\n0 825 88 88 26 \/ de 07:00 \u00e0 01:00 (du matin)\nHauteur max : 1.90m \/ Tarif : 14\u20ac\/24h<\/p>\n\n\n\n<h3 class=\"wp-block-heading\">M\u00e9tro<\/h3>\n\n\n\n<p class=\"wp-block-paragraph\">Le r\u00e9seau du m\u00e9tro est constitu\u00e9 de 2 lignes simples, rep\u00e9rez la station \u00ab\u00a0Rihour\u00a0\u00bb (Ligne 1, en jaune), il s&rsquo;agit de la sortie de m\u00e9tro la plus proche de lieu de l\u2019\u00e9v\u00e9nement. Le service des transports en commun est g\u00e9r\u00e9 par <a href=\"https:\/\/www.transpole.fr\/fr\/27-tarifs\">Transpole&nbsp;qui propose des tickets<\/a> \u00e0 l&rsquo;unit\u00e9 \u00e0 1.65 \u20ac ou par 10 \u00e0 14,45 \u20ac. Cela vaut pour le m\u00e9tro, le bus et le tramway.<\/p>\n\n\n\n<figure class=\"wp-block-image is-resized\"><a href=\"https:\/\/2018.lille.wordcamp.org\/files\/2018\/11\/PLAN-DE-LIGNE-METRO-LILLE.jpg\"><img decoding=\"async\" class=\"wp-image-725\" src=\"https:\/\/2018.lille.wordcamp.org\/files\/2018\/11\/PLAN-DE-LIGNE-METRO-LILLE.jpg\" alt=\"\" width=\"550\" height=\"NaN\" srcset=\"https:\/\/lille.wordcamp.org\/2018\/files\/2018\/11\/PLAN-DE-LIGNE-METRO-LILLE.jpg 9725w, https:\/\/lille.wordcamp.org\/2018\/files\/2018\/11\/PLAN-DE-LIGNE-METRO-LILLE-300x40.jpg 300w, https:\/\/lille.wordcamp.org\/2018\/files\/2018\/11\/PLAN-DE-LIGNE-METRO-LILLE-768x103.jpg 768w, https:\/\/lille.wordcamp.org\/2018\/files\/2018\/11\/PLAN-DE-LIGNE-METRO-LILLE-1024x137.jpg 1024w, https:\/\/lille.wordcamp.org\/2018\/files\/2018\/11\/PLAN-DE-LIGNE-METRO-LILLE-500x67.jpg 500w\" sizes=\"(max-width: 767px) 89vw, (max-width: 1000px) 54vw, (max-width: 1071px) 543px, 580px\" \/><\/a><figcaption>M\u00e9tro lillois<\/figcaption><\/figure>\n\n\n\n<p class=\"wp-block-paragraph\">Retrouvez d&rsquo;autres informations sur <a href=\"https:\/\/2018.lille.wordcamp.org\/lieu\/\">la page du lieu<\/a>.<\/p>\n\n\n\n<figure class=\"wp-block-image\"><img loading=\"lazy\" decoding=\"async\" width=\"1400\" height=\"875\" src=\"https:\/\/2018.lille.wordcamp.org\/files\/2018\/11\/orientation.jpeg\" alt=\"\" class=\"wp-image-761\" srcset=\"https:\/\/lille.wordcamp.org\/2018\/files\/2018\/11\/orientation.jpeg 1400w, https:\/\/lille.wordcamp.org\/2018\/files\/2018\/11\/orientation-300x188.jpeg 300w, https:\/\/lille.wordcamp.org\/2018\/files\/2018\/11\/orientation-768x480.jpeg 768w, https:\/\/lille.wordcamp.org\/2018\/files\/2018\/11\/orientation-1024x640.jpeg 1024w, https:\/\/lille.wordcamp.org\/2018\/files\/2018\/11\/orientation-480x300.jpeg 480w\" sizes=\"auto, (max-width: 767px) 89vw, (max-width: 1000px) 54vw, (max-width: 1071px) 543px, 580px\" \/><figcaption><em>Cr\u00e9dits <\/em><a href=\"https:\/\/unsplash.com\/photos\/K_xj7rXyR50\"><em>Shane Rounce<\/em><\/a><\/figcaption><\/figure>\n\n\n\n<p style=\"text-align:right\" class=\"has-small-font-size wp-block-paragraph\"><em>Cr\u00e9dits image \u00e0 la une : <\/em><a href=\"https:\/\/unsplash.com\/photos\/NXt5PrOb_7U\"><em>Aaron Burden<\/em><\/a><\/p>\n","protected":false},"excerpt":{"rendered":"<p>Pratico-pratique Combien ? Seulement 20 euros, procurez-vous votre billet !Quoi ? 14 conf\u00e9rences et ateliers, avec petit d\u00e9jeuner, repas, go\u00fbter, caf\u00e9 et boissons compris.Quand ? Le 07 d\u00e9cembre 2018 de 9h00 \u00e0 18h00 (Petit d\u00e9jeuner \u00e0 8h30 pour les gourmands et gourmandes !)Qui ? 250 personnes attenduesO\u00f9 ? Au \u201cNouveau Si\u00e8cle\u201d \u00e0 Lille dans le &hellip; <\/p>\n<p class=\"link-more\"><a href=\"https:\/\/lille.wordcamp.org\/2018\/infos-pratiques\/\" class=\"more-link\">Continuer la lecture<span class=\"screen-reader-text\"> de &laquo;&nbsp;Infos pratiques&nbsp;&raquo;<\/span><\/a><\/p>\n","protected":false},"author":6016133,"featured_media":771,"parent":0,"menu_order":0,"comment_status":"closed","ping_status":"closed","template":"","meta":{"_crdt_document":"","footnotes":""},"class_list":["post-757","page","type-page","status-publish","has-post-thumbnail","hentry"],"jetpack_sharing_enabled":true,"jetpack_shortlink":"https:\/\/wp.me\/PheMMP-cd","_links":{"self":[{"href":"https:\/\/lille.wordcamp.org\/2018\/wp-json\/wp\/v2\/pages\/757","targetHints":{"allow":["GET"]}}],"collection":[{"href":"https:\/\/lille.wordcamp.org\/2018\/wp-json\/wp\/v2\/pages"}],"about":[{"href":"https:\/\/lille.wordcamp.org\/2018\/wp-json\/wp\/v2\/types\/page"}],"author":[{"embeddable":true,"href":"https:\/\/lille.wordcamp.org\/2018\/wp-json\/wp\/v2\/users\/6016133"}],"replies":[{"embeddable":true,"href":"https:\/\/lille.wordcamp.org\/2018\/wp-json\/wp\/v2\/comments?post=757"}],"version-history":[{"count":9,"href":"https:\/\/lille.wordcamp.org\/2018\/wp-json\/wp\/v2\/pages\/757\/revisions"}],"predecessor-version":[{"id":1373,"href":"https:\/\/lille.wordcamp.org\/2018\/wp-json\/wp\/v2\/pages\/757\/revisions\/1373"}],"wp:featuredmedia":[{"embeddable":true,"href":"https:\/\/lille.wordcamp.org\/2018\/wp-json\/wp\/v2\/media\/771"}],"wp:attachment":[{"href":"https:\/\/lille.wordcamp.org\/2018\/wp-json\/wp\/v2\/media?parent=757"}],"curies":[{"name":"wp","href":"https:\/\/api.w.org\/{rel}","templated":true}]}}