{"id":8,"date":"2018-04-06T10:26:15","date_gmt":"2018-04-06T10:26:15","guid":{"rendered":"https:\/\/2018.lille.wordcamp.org\/speakers\/"},"modified":"2018-11-12T15:26:41","modified_gmt":"2018-11-12T14:26:41","slug":"orateur-rice-s","status":"publish","type":"page","link":"https:\/\/lille.wordcamp.org\/2018\/orateur-rice-s\/","title":{"rendered":"Orateur\u00b7rice\u00b7s"},"content":{"rendered":"\n\t<div class=\"wcorg-speakers\">\n\n\t\t\n\t\t\t<!-- Organizers note: The id attribute is deprecated and only remains for backwards compatibility, please use the corresponding class to target individual speakers -->\n\t\t\t<div id=\"wcorg-speaker-julien-machu\" class=\"wcorg-speaker wcorg-speaker-julien-machu wcorg-track-conferences\">\n\t\t\t\t<h2>\n\t\t\t\t\t\n\t\t\t\t\t\tJulien Machu\n\t\t\t\t\t\t\t\t\t<\/h2>\n\n\t\t\t\t<div class=\"wcorg-speaker-description\">\n\t\t\t\t\t<img alt='' src='https:\/\/secure.gravatar.com\/avatar\/137aa8584a3f5a83daf5e18b196acb04328e299e8f52c9a0c281c5a34f772c5b?s=100&#038;d=mm&#038;r=g' srcset='https:\/\/secure.gravatar.com\/avatar\/137aa8584a3f5a83daf5e18b196acb04328e299e8f52c9a0c281c5a34f772c5b?s=200&#038;d=mm&#038;r=g 2x' class='avatar avatar-100 photo' height='100' width='100' \/>\t\t\t\t\tApprenant en d\u00e9veloppement web chez Popschool Saint-Omer, novice en WordPress, toujours pr\u00eat \u00e0 se lancer de nouveaux d\u00e9fis.\t\t\t\t<\/div>\n\t\t\t<\/div>\n\n\t\t\n\t\t\t<!-- Organizers note: The id attribute is deprecated and only remains for backwards compatibility, please use the corresponding class to target individual speakers -->\n\t\t\t<div id=\"wcorg-speaker-yannis-pou-vich\" class=\"wcorg-speaker wcorg-speaker-yannis-pou-vich wcorg-track-conferences\">\n\t\t\t\t<h2>\n\t\t\t\t\t\n\t\t\t\t\t\tYannis Pou-vich\n\t\t\t\t\t\t\t\t\t<\/h2>\n\n\t\t\t\t<div class=\"wcorg-speaker-description\">\n\t\t\t\t\t<img alt='' src='https:\/\/secure.gravatar.com\/avatar\/239b8dcf705ea561bbb6f6413c8a95a53a6f5bfef37404235903d85a5554e6ff?s=100&#038;d=mm&#038;r=g' srcset='https:\/\/secure.gravatar.com\/avatar\/239b8dcf705ea561bbb6f6413c8a95a53a6f5bfef37404235903d85a5554e6ff?s=200&#038;d=mm&#038;r=g 2x' class='avatar avatar-100 photo' height='100' width='100' \/>\t\t\t\t\t<p>Yannis est un d\u00e9veloppeur web depuis plusieurs ann\u00e9es, aujourd&rsquo;hui formateur web au FIM CCI Formation Normandie, il s&rsquo;efforce d&rsquo;apprendre \u00e0 apprendre aux g\u00e9n\u00e9rations futurs qui construiront le web de demain.<\/p>\n\t\t\t\t<\/div>\n\t\t\t<\/div>\n\n\t\t\n\t\t\t<!-- Organizers note: The id attribute is deprecated and only remains for backwards compatibility, please use the corresponding class to target individual speakers -->\n\t\t\t<div id=\"wcorg-speaker-nicolas-bel\" class=\"wcorg-speaker wcorg-speaker-nicolas-bel wcorg-track-conferences\">\n\t\t\t\t<h2>\n\t\t\t\t\t\n\t\t\t\t\t\tNicolas Bel\n\t\t\t\t\t\t\t\t\t<\/h2>\n\n\t\t\t\t<div class=\"wcorg-speaker-description\">\n\t\t\t\t\t<img alt='' src='https:\/\/secure.gravatar.com\/avatar\/da9daba3d4c0db561934fcbf84c101ef40664ea2dfa8851c4db3bd12be066685?s=100&#038;d=mm&#038;r=g' srcset='https:\/\/secure.gravatar.com\/avatar\/da9daba3d4c0db561934fcbf84c101ef40664ea2dfa8851c4db3bd12be066685?s=200&#038;d=mm&#038;r=g 2x' class='avatar avatar-100 photo' height='100' width='100' \/>\t\t\t\t\t<p>Pilote de projets et UX designer dans l&rsquo;agence Inouit \u00e0 Lille depuis bient\u00f4t 8 ans.<\/p>\n<p>J&rsquo;enseigne \u00e9galement l&rsquo;UX et le Design Thinking \u00e0 l&rsquo;EFAP Lille.<br \/>\nFan de Gutenberg<\/p>\n\t\t\t\t<\/div>\n\t\t\t<\/div>\n\n\t\t\n\t\t\t<!-- Organizers note: The id attribute is deprecated and only remains for backwards compatibility, please use the corresponding class to target individual speakers -->\n\t\t\t<div id=\"wcorg-speaker-hadrien-baudin\" class=\"wcorg-speaker wcorg-speaker-hadrien-baudin wcorg-track-conferences\">\n\t\t\t\t<h2>\n\t\t\t\t\t\n\t\t\t\t\t\tHadrien Baudin\n\t\t\t\t\t\t\t\t\t<\/h2>\n\n\t\t\t\t<div class=\"wcorg-speaker-description\">\n\t\t\t\t\t<img alt='' src='https:\/\/secure.gravatar.com\/avatar\/761ccde2b96a08cb73160a27f8fa7d505026b2d84e2c8899c6b3f4b5b03fdfe8?s=100&#038;d=mm&#038;r=g' srcset='https:\/\/secure.gravatar.com\/avatar\/761ccde2b96a08cb73160a27f8fa7d505026b2d84e2c8899c6b3f4b5b03fdfe8?s=200&#038;d=mm&#038;r=g 2x' class='avatar avatar-100 photo' height='100' width='100' \/>\t\t\t\t\t<p>Consultant SEO chez Korleon\u2018Biz<\/p>\n\t\t\t\t<\/div>\n\t\t\t<\/div>\n\n\t\t\n\t\t\t<!-- Organizers note: The id attribute is deprecated and only remains for backwards compatibility, please use the corresponding class to target individual speakers -->\n\t\t\t<div id=\"wcorg-speaker-nicolas-mercatili\" class=\"wcorg-speaker wcorg-speaker-nicolas-mercatili wcorg-track-ateliers\">\n\t\t\t\t<h2>\n\t\t\t\t\t\n\t\t\t\t\t\tNicolas Mercatili\n\t\t\t\t\t\t\t\t\t<\/h2>\n\n\t\t\t\t<div class=\"wcorg-speaker-description\">\n\t\t\t\t\t<img alt='' src='https:\/\/secure.gravatar.com\/avatar\/9da1fd145b92d68123afd64811dc0dc710bc85f1593d6d45c3131760cb5d840d?s=100&#038;d=mm&#038;r=g' srcset='https:\/\/secure.gravatar.com\/avatar\/9da1fd145b92d68123afd64811dc0dc710bc85f1593d6d45c3131760cb5d840d?s=200&#038;d=mm&#038;r=g 2x' class='avatar avatar-100 photo' height='100' width='100' \/>\t\t\t\t\t<p>Nicolas Mercatili, alias CreaNico, je me suis passionn\u00e9 pour le web au d\u00e9but des ann\u00e9es 2000, une \u00e9poque o\u00f9 l\u2019ADSL, les CMS et Google n\u2019existaient pas ! Depuis 2010 je propose mes services de freelance pour de l&rsquo;optimisation, du consulting et de l&rsquo;audit SEO sur les CMS WordPress et PrestaShop.<\/p>\n<p>En 2017, j&rsquo;ai lanc\u00e9 une plateforme SEO, pour la vente d&rsquo;articles sponsoris\u00e9s dans le but de renvoyer plus de popularit\u00e9 et confiance Google aux sites internet. Vous pouvez me retrouver sur www.creanico.fr et www.semjuice.com<\/p>\n\t\t\t\t<\/div>\n\t\t\t<\/div>\n\n\t\t\n\t\t\t<!-- Organizers note: The id attribute is deprecated and only remains for backwards compatibility, please use the corresponding class to target individual speakers -->\n\t\t\t<div id=\"wcorg-speaker-sullivan-atatri\" class=\"wcorg-speaker wcorg-speaker-sullivan-atatri wcorg-track-conferences\">\n\t\t\t\t<h2>\n\t\t\t\t\t\n\t\t\t\t\t\tSullivan Atatri\n\t\t\t\t\t\t\t\t\t<\/h2>\n\n\t\t\t\t<div class=\"wcorg-speaker-description\">\n\t\t\t\t\t<img alt='' src='https:\/\/secure.gravatar.com\/avatar\/ef7583686b8839efe3a3e19122925e61d5eebae78208a3c8115e7a159c30d076?s=100&#038;d=mm&#038;r=g' srcset='https:\/\/secure.gravatar.com\/avatar\/ef7583686b8839efe3a3e19122925e61d5eebae78208a3c8115e7a159c30d076?s=200&#038;d=mm&#038;r=g 2x' class='avatar avatar-100 photo' height='100' width='100' \/>\t\t\t\t\t<p>D\u00e9veloppeur full-stack chez Inouit.fr<\/p>\n\t\t\t\t<\/div>\n\t\t\t<\/div>\n\n\t\t\n\t\t\t<!-- Organizers note: The id attribute is deprecated and only remains for backwards compatibility, please use the corresponding class to target individual speakers -->\n\t\t\t<div id=\"wcorg-speaker-laurie-anne\" class=\"wcorg-speaker wcorg-speaker-laurie-anne wcorg-track-ateliers\">\n\t\t\t\t<h2>\n\t\t\t\t\t\n\t\t\t\t\t\tLaurie-Anne Bourdain\n\t\t\t\t\t\t\t\t\t<\/h2>\n\n\t\t\t\t<div class=\"wcorg-speaker-description\">\n\t\t\t\t\t<img alt='' src='https:\/\/secure.gravatar.com\/avatar\/2a10a87a208c21f6c526233571e32268051628a67437d5f60ec1a8bd3e376175?s=100&#038;d=mm&#038;r=g' srcset='https:\/\/secure.gravatar.com\/avatar\/2a10a87a208c21f6c526233571e32268051628a67437d5f60ec1a8bd3e376175?s=200&#038;d=mm&#038;r=g 2x' class='avatar avatar-100 photo' height='100' width='100' \/>\t\t\t\t\t<p>Sp\u00e9cialis\u00e9e en gestion des risques informatiques et en protection de la vie priv\u00e9e, Laurie-Anne a aid\u00e9 de grandes et petites soci\u00e9t\u00e9s \u00e0 se mettre en conformit\u00e9 avec le tr\u00e8s craint RGPD.<\/p>\n<p>Elle sert la \u00ab privacy \u00bb et c\u2019est sa joie !<\/p>\n\t\t\t\t<\/div>\n\t\t\t<\/div>\n\n\t\t\n\t\t\t<!-- Organizers note: The id attribute is deprecated and only remains for backwards compatibility, please use the corresponding class to target individual speakers -->\n\t\t\t<div id=\"wcorg-speaker-sylvie-clement\" class=\"wcorg-speaker wcorg-speaker-sylvie-clement wcorg-track-conferences\">\n\t\t\t\t<h2>\n\t\t\t\t\t\n\t\t\t\t\t\tSylvie Cl\u00e9ment\n\t\t\t\t\t\t\t\t\t<\/h2>\n\n\t\t\t\t<div class=\"wcorg-speaker-description\">\n\t\t\t\t\t<img alt='' src='https:\/\/secure.gravatar.com\/avatar\/a1f09f74cc13e36be4aa0edc7ce56b7e6f38139058e776449ea2389562f0a882?s=100&#038;d=mm&#038;r=g' srcset='https:\/\/secure.gravatar.com\/avatar\/a1f09f74cc13e36be4aa0edc7ce56b7e6f38139058e776449ea2389562f0a882?s=200&#038;d=mm&#038;r=g 2x' class='avatar avatar-100 photo' height='100' width='100' \/>\t\t\t\t\t<p>Freelance depuis 5 ans, Sylvie cr\u00e9e des sites sur-mesure pour des entreprises et des associations.<\/p>\n<p>Elle est \u00e9galement prestataire aupr\u00e8s d\u2019agences web pour son expertise en d\u00e9veloppement de sites communautaires et r\u00e9seaux sociaux th\u00e9matiques avec BuddyPress.<\/p>\n\t\t\t\t<\/div>\n\t\t\t<\/div>\n\n\t\t\n\t\t\t<!-- Organizers note: The id attribute is deprecated and only remains for backwards compatibility, please use the corresponding class to target individual speakers -->\n\t\t\t<div id=\"wcorg-speaker-dylan-cozian\" class=\"wcorg-speaker wcorg-speaker-dylan-cozian wcorg-track-conferences\">\n\t\t\t\t<h2>\n\t\t\t\t\t\n\t\t\t\t\t\tDylan Cozian\n\t\t\t\t\t\t\t\t\t<\/h2>\n\n\t\t\t\t<div class=\"wcorg-speaker-description\">\n\t\t\t\t\t<img alt='' src='https:\/\/secure.gravatar.com\/avatar\/14810ce441764512f36e4d1fd5f42a15201c997ae8d5509ba93bf132f499fff9?s=100&#038;d=mm&#038;r=g' srcset='https:\/\/secure.gravatar.com\/avatar\/14810ce441764512f36e4d1fd5f42a15201c997ae8d5509ba93bf132f499fff9?s=200&#038;d=mm&#038;r=g 2x' class='avatar avatar-100 photo' height='100' width='100' \/>\t\t\t\t\t<p>En Freelance depuis 2010, webdesigner et int\u00e9grateur de formation, cr\u00e9ateur du projet www.derrierelesoleil.com, je donne r\u00e9guli\u00e8rement des formations en PAO, webdesign et UX depuis maintenant 8 printemps.<\/p>\n<p>Durant toutes ces ann\u00e9es j\u2019ai travaill\u00e9 sur diff\u00e9rents projets pour diff\u00e9rentes agences et ne cesse d\u2019explorer les autres m\u00e9diums digitaux comme la vid\u00e9o et la musique autant par passion et obsession, que par volont\u00e9 d\u2019utiliser l\u2019ensemble de ces supports pour la cr\u00e9ation d\u2019exp\u00e9riences utilisateur immersives.<\/p>\n\t\t\t\t<\/div>\n\t\t\t<\/div>\n\n\t\t\n\t\t\t<!-- Organizers note: The id attribute is deprecated and only remains for backwards compatibility, please use the corresponding class to target individual speakers -->\n\t\t\t<div id=\"wcorg-speaker-maxime-varinard\" class=\"wcorg-speaker wcorg-speaker-maxime-varinard wcorg-track-ateliers\">\n\t\t\t\t<h2>\n\t\t\t\t\t\n\t\t\t\t\t\tMaxime Varinard\n\t\t\t\t\t\t\t\t\t<\/h2>\n\n\t\t\t\t<div class=\"wcorg-speaker-description\">\n\t\t\t\t\t<img alt='' src='https:\/\/secure.gravatar.com\/avatar\/2b6d85419f3dc73d9204148055e14e562d03ef5b7e7a367ccfa71304098f35ef?s=100&#038;d=mm&#038;r=g' srcset='https:\/\/secure.gravatar.com\/avatar\/2b6d85419f3dc73d9204148055e14e562d03ef5b7e7a367ccfa71304098f35ef?s=200&#038;d=mm&#038;r=g 2x' class='avatar avatar-100 photo' height='100' width='100' \/>\t\t\t\t\t<p>Directeur de Vaisonet, \u00e9diteur de logiciel de synchronisation de Woocommerce avec les logiciels de gestion commerciale et ERP.<\/p>\n\t\t\t\t<\/div>\n\t\t\t<\/div>\n\n\t\t\n\t\t\t<!-- Organizers note: The id attribute is deprecated and only remains for backwards compatibility, please use the corresponding class to target individual speakers -->\n\t\t\t<div id=\"wcorg-speaker-jean-baptiste-lavisse\" class=\"wcorg-speaker wcorg-speaker-jean-baptiste-lavisse wcorg-track-conferences\">\n\t\t\t\t<h2>\n\t\t\t\t\t\n\t\t\t\t\t\tJean-Baptiste Lavisse\n\t\t\t\t\t\t\t\t\t<\/h2>\n\n\t\t\t\t<div class=\"wcorg-speaker-description\">\n\t\t\t\t\t<img alt='' src='https:\/\/secure.gravatar.com\/avatar\/b481dbe8bdbcfde2b958ea7c6b29538af9b02fb652decc38b55a7adab529e8d1?s=100&#038;d=mm&#038;r=g' srcset='https:\/\/secure.gravatar.com\/avatar\/b481dbe8bdbcfde2b958ea7c6b29538af9b02fb652decc38b55a7adab529e8d1?s=200&#038;d=mm&#038;r=g 2x' class='avatar avatar-100 photo' height='100' width='100' \/>\t\t\t\t\t<p>Formateur chez PopSchool Saint-Omer<br \/>\nD\u00e9veloppeur multim\u00e9dia freelance<\/p>\n\t\t\t\t<\/div>\n\t\t\t<\/div>\n\n\t\t\n\t\t\t<!-- Organizers note: The id attribute is deprecated and only remains for backwards compatibility, please use the corresponding class to target individual speakers -->\n\t\t\t<div id=\"wcorg-speaker-thomas-villain\" class=\"wcorg-speaker wcorg-speaker-thomas-villain wcorg-track-ateliers\">\n\t\t\t\t<h2>\n\t\t\t\t\t\n\t\t\t\t\t\tThomas Villain\n\t\t\t\t\t\t\t\t\t<\/h2>\n\n\t\t\t\t<div class=\"wcorg-speaker-description\">\n\t\t\t\t\t<img alt='' src='https:\/\/secure.gravatar.com\/avatar\/2600a5070d74a5e9efa9b6f4d843f9091eacc33ef4643a56fbebbf321ee9218e?s=100&#038;d=mm&#038;r=g' srcset='https:\/\/secure.gravatar.com\/avatar\/2600a5070d74a5e9efa9b6f4d843f9091eacc33ef4643a56fbebbf321ee9218e?s=200&#038;d=mm&#038;r=g 2x' class='avatar avatar-100 photo' height='100' width='100' \/>\t\t\t\t\t<p>Graphiste et web designer, cr\u00e9ateur de th\u00e8mes WordPress sur mesure \ud83d\ude42<br \/>\nJe fais de mon mieux pour contribuer \u00e0 WordPress en traduisant des extensions, en intervenant lors des WordCamps et des Meetups, et plus r\u00e9cemment en d\u00e9veloppant une extensions de FAQ.<\/p>\n\t\t\t\t<\/div>\n\t\t\t<\/div>\n\n\t\t\n\t\t\t<!-- Organizers note: The id attribute is deprecated and only remains for backwards compatibility, please use the corresponding class to target individual speakers -->\n\t\t\t<div id=\"wcorg-speaker-michael-gout\" class=\"wcorg-speaker wcorg-speaker-michael-gout wcorg-track-ateliers\">\n\t\t\t\t<h2>\n\t\t\t\t\t\n\t\t\t\t\t\tMichael Gout\n\t\t\t\t\t\t\t\t\t<\/h2>\n\n\t\t\t\t<div class=\"wcorg-speaker-description\">\n\t\t\t\t\t<img alt='' src='https:\/\/secure.gravatar.com\/avatar\/02ae87a694f9f565e90f34f6daf9d6477e08f3e608386a28c86c667a1e9f19d9?s=100&#038;d=mm&#038;r=g' srcset='https:\/\/secure.gravatar.com\/avatar\/02ae87a694f9f565e90f34f6daf9d6477e08f3e608386a28c86c667a1e9f19d9?s=200&#038;d=mm&#038;r=g 2x' class='avatar avatar-100 photo' height='100' width='100' \/>\t\t\t\t\t<p>Michael a d\u00e9couvert la conception de sites internet il y a 15 ans lors de ses \u00e9tudes de gestion. En tant que webmaster \/ charg\u00e9 de communication, il a \u00e9volu\u00e9 aupr\u00e8s de structures nombreuses et vari\u00e9es (agences web, TPE, grandes entreprises, ONG &#8230;). Il est finalement devenu freelance en 2009.<\/p>\n<p>Michael cherche \u00e0 augmenter la visibilit\u00e9 des ind\u00e9pendants et des TPE, en cr\u00e9ant pour eux un site internet efficace et en les accompagnant dans leur strat\u00e9gie de communication.<\/p>\n<p>Depuis peu, il dispense \u00e9galement des cours WordPress \u00e0 des \u00e9tudiants en communication et en journalisme.<\/p>\n<p>Situ\u00e9 pr\u00e8s d&rsquo;Evry en r\u00e9gion parisienne, Michael prend part r\u00e9guli\u00e8rement aux meetups et WordCamps parisiens.<\/p>\n\t\t\t\t<\/div>\n\t\t\t<\/div>\n\n\t\t\n\t\t\t<!-- Organizers note: The id attribute is deprecated and only remains for backwards compatibility, please use the corresponding class to target individual speakers -->\n\t\t\t<div id=\"wcorg-speaker-camille-pacquet\" class=\"wcorg-speaker wcorg-speaker-camille-pacquet wcorg-track-ateliers\">\n\t\t\t\t<h2>\n\t\t\t\t\t\n\t\t\t\t\t\tCamille Pacquet\n\t\t\t\t\t\t\t\t\t<\/h2>\n\n\t\t\t\t<div class=\"wcorg-speaker-description\">\n\t\t\t\t\t<img alt='' src='https:\/\/secure.gravatar.com\/avatar\/89b73874d51ff741a594baa96a6543842dd7a8ab4200a12b3806bb9b9aad5c04?s=100&#038;d=mm&#038;r=g' srcset='https:\/\/secure.gravatar.com\/avatar\/89b73874d51ff741a594baa96a6543842dd7a8ab4200a12b3806bb9b9aad5c04?s=200&#038;d=mm&#038;r=g 2x' class='avatar avatar-100 photo' height='100' width='100' \/>\t\t\t\t\t<p>BGE Hauts de France a aid\u00e9 plus de 30 000 entreprises \u00e0 se cr\u00e9er dans la r\u00e9gion depuis pr\u00e8s de 40 ans. Cette exp\u00e9rience nous a permis d\u2019identifier les facteurs-cl\u00e9s de succ\u00e8s qu\u2019il faut r\u00e9unir pour donner \u00e0 son projet toutes les chances de r\u00e9ussir (la pr\u00e9paration, l\u2019\u00e9quipement, le r\u00e9seau, la posture d\u2019entrepreneur).<\/p>\n<p>BGE Hauts de France est un t\u00e9moin privil\u00e9gi\u00e9 de l\u2019\u00e9volution des usages des consommateurs. La digitalisation des entrepreneurs s\u2019est donc naturellement impos\u00e9e dans notre offre de services. BGE Hauts de France a d\u00e9velopp\u00e9 une double expertise de la TPE et du e-commerce.<\/p>\n<p>En 2017, nous avons form\u00e9 1 048 entrepreneurs de la r\u00e9gion aux outils num\u00e9riques.<\/p>\n<p>Camille, formatrice sp\u00e9cialiste num\u00e9rique depuis 2015 :<\/p>\n<p><em>Am\u00e9liorer la performance de votre entreprise passe aujourd\u2019hui in\u00e9vitablement par l\u2019adoption d\u2019une strat\u00e9gie digitale. L\u2019utilisation des solutions num\u00e9riques a un impact direct sur votre organisation et l\u2019efficacit\u00e9 commerciale de votre entreprise. Je vous accompagne sur les grandes th\u00e9matiques de votre strat\u00e9gie e-marketing :<\/em><\/p>\n<ul>\n<li><em>Cr\u00e9er et g\u00e9rer son site internet<\/em><\/li>\n<li><em>Optimiser son r\u00e9f\u00e9rencement<\/em><\/li>\n<li><em>Ma\u00eetriser sa e-r\u00e9putation<\/em><\/li>\n<li><em>\u00catre performant sur les r\u00e9seaux sociaux<\/em><\/li>\n<\/ul>\n\t\t\t\t<\/div>\n\t\t\t<\/div>\n\n\t\t\n\t\t\t<!-- Organizers note: The id attribute is deprecated and only remains for backwards compatibility, please use the corresponding class to target individual speakers -->\n\t\t\t<div id=\"wcorg-speaker-sandra-boulou\" class=\"wcorg-speaker wcorg-speaker-sandra-boulou wcorg-track-conferences\">\n\t\t\t\t<h2>\n\t\t\t\t\t\n\t\t\t\t\t\tSandra Boulou\n\t\t\t\t\t\t\t\t\t<\/h2>\n\n\t\t\t\t<div class=\"wcorg-speaker-description\">\n\t\t\t\t\t<img alt='' src='https:\/\/secure.gravatar.com\/avatar\/5b1461ea185fb4488de99cd9bc13d6e230de4a37c42c464748fef28dc52c15b5?s=100&#038;d=mm&#038;r=g' srcset='https:\/\/secure.gravatar.com\/avatar\/5b1461ea185fb4488de99cd9bc13d6e230de4a37c42c464748fef28dc52c15b5?s=200&#038;d=mm&#038;r=g 2x' class='avatar avatar-100 photo' height='100' width='100' \/>\t\t\t\t\t<p>WordPress &amp; WooCommerce addict \u2013 I am Working on WordPress and Woocommerce for all my web site creation.<\/p>\n<p>Je r\u00e9alise des sites internet et Ecommerce depuis 2003 et je me suis sp\u00e9cialis\u00e9e dans la cr\u00e9ation de site sous WordPress et Ecommerce avec Woocommerce.<\/p>\n<p>Je d\u00e9veloppe mon expertise WooCommerce depuis 2012 \u00e0 travers toutes mes cr\u00e9ations Ecommerce.<\/p>\n<p>Mon parcours et mon exp\u00e9rience \u00e0 travers les diff\u00e9rentes demandes clients en mati\u00e8re de Ecommerce me conduisent \u00e0 r\u00e9fl\u00e9chir r\u00e9guli\u00e8rement sur les probl\u00e8matiques essentielles en mati\u00e8re de Ecommerce (gestion de projet, technique, strat\u00e9gies, SEO, livraisons\u2026).<\/p>\n<p>J\u2019appr\u00e9cie particuli\u00e8rement l\u2019esprit et la communaut\u00e9 tr\u00e8s active de WordPress.<br \/>\nJe participe r\u00e9guli\u00e8rement aux Meetup WordPress Parisien et je suis autant que possible les diff\u00e9rentes manifestations WordPress :<br \/>\nWordCamp Paris 2016 (volontaire en tant que MC ma\u00eetre de conf\u00e9rence), WordCamp Lyon, WP Tech Nantes, WordCamp Bordeaux, WordCamp Europe 2017 \u00e0 Paris en tant que volontaire (timekeeper). Oratrice (speaker) au WordCamp Marseille 2017 et r\u00e9cemment au WordCamp Nice 2018.<\/p>\n\t\t\t\t<\/div>\n\t\t\t<\/div>\n\n\t\t\n\t\t\t<!-- Organizers note: The id attribute is deprecated and only remains for backwards compatibility, please use the corresponding class to target individual speakers -->\n\t\t\t<div id=\"wcorg-speaker-romain-etchegoyhen\" class=\"wcorg-speaker wcorg-speaker-romain-etchegoyhen wcorg-track-ateliers\">\n\t\t\t\t<h2>\n\t\t\t\t\t\n\t\t\t\t\t\tRomain Etchegoyhen\n\t\t\t\t\t\t\t\t\t<\/h2>\n\n\t\t\t\t<div class=\"wcorg-speaker-description\">\n\t\t\t\t\t<img alt='' src='https:\/\/secure.gravatar.com\/avatar\/1cc6b5cafe650e5254d9e11d646307d4ecb4ee593c7f5d6f5410879f472a3606?s=100&#038;d=mm&#038;r=g' srcset='https:\/\/secure.gravatar.com\/avatar\/1cc6b5cafe650e5254d9e11d646307d4ecb4ee593c7f5d6f5410879f472a3606?s=200&#038;d=mm&#038;r=g 2x' class='avatar avatar-100 photo' height='100' width='100' \/>\t\t\t\t\t<p>Je suis d\u00e9veloppeur web depuis 8 ans, j&rsquo;ai beaucoup boss\u00e9 en startup dans plusieurs domaines : robotique, SEO\/automatisation et aujourd&rsquo;hui solutions digitales pour aider les grands groupes \u00e0 initier leur digitalisation.<\/p>\n<p>Entre toutes ces exp\u00e9riences j&rsquo;ai cr\u00e9\u00e9 ma boite, et pendant cette p\u00e9riode on a beaucoup fait de WordPress pour nos clients. Ensuite j&rsquo;ai continu\u00e9 \u00e0 proposer et \u00e0 utiliser WordPress dans mes diff\u00e9rents jobs, notamment pour automatiser la cr\u00e9ation de sites \u00e0 grande \u00e9chelle avec publication de contenus automatiques, etc. avec WP CLI. J&rsquo;organise aussi les meetups WordPress \u00e0 Lyon avec Samy, Emilie et Benoit.<\/p>\n\t\t\t\t<\/div>\n\t\t\t<\/div>\n\n\t\t\n\t\t\t<!-- Organizers note: The id attribute is deprecated and only remains for backwards compatibility, please use the corresponding class to target individual speakers -->\n\t\t\t<div id=\"wcorg-speaker-yannick-chizzolini\" class=\"wcorg-speaker wcorg-speaker-yannick-chizzolini wcorg-track-conferences\">\n\t\t\t\t<h2>\n\t\t\t\t\t\n\t\t\t\t\t\tYannick Chizzolini\n\t\t\t\t\t\t\t\t\t<\/h2>\n\n\t\t\t\t<div class=\"wcorg-speaker-description\">\n\t\t\t\t\t<img alt='' src='https:\/\/secure.gravatar.com\/avatar\/f8cda3c3afa7f1efa78ee9f67d4248942d374bde427042b256024243b023c4e2?s=100&#038;d=mm&#038;r=g' srcset='https:\/\/secure.gravatar.com\/avatar\/f8cda3c3afa7f1efa78ee9f67d4248942d374bde427042b256024243b023c4e2?s=200&#038;d=mm&#038;r=g 2x' class='avatar avatar-100 photo' height='100' width='100' \/>\t\t\t\t\t<p>Chef de projet pour Jackmail. Membre de l&rsquo;\u00e9quipe MeetUp Lille.<br \/>\nUtilisateur de WordPress depuis 2009.<\/p>\n\t\t\t\t<\/div>\n\t\t\t<\/div>\n\n\t\t\n\t<\/div>\n\n\t\n","protected":false},"excerpt":{"rendered":"","protected":false},"author":6016133,"featured_media":0,"parent":0,"menu_order":0,"comment_status":"closed","ping_status":"closed","template":"","meta":{"_crdt_document":"","footnotes":""},"class_list":["post-8","page","type-page","status-publish","hentry"],"jetpack_sharing_enabled":true,"jetpack_shortlink":"https:\/\/wp.me\/PheMMP-8","_links":{"self":[{"href":"https:\/\/lille.wordcamp.org\/2018\/wp-json\/wp\/v2\/pages\/8","targetHints":{"allow":["GET"]}}],"collection":[{"href":"https:\/\/lille.wordcamp.org\/2018\/wp-json\/wp\/v2\/pages"}],"about":[{"href":"https:\/\/lille.wordcamp.org\/2018\/wp-json\/wp\/v2\/types\/page"}],"author":[{"embeddable":true,"href":"https:\/\/lille.wordcamp.org\/2018\/wp-json\/wp\/v2\/users\/6016133"}],"replies":[{"embeddable":true,"href":"https:\/\/lille.wordcamp.org\/2018\/wp-json\/wp\/v2\/comments?post=8"}],"version-history":[{"count":2,"href":"https:\/\/lille.wordcamp.org\/2018\/wp-json\/wp\/v2\/pages\/8\/revisions"}],"predecessor-version":[{"id":910,"href":"https:\/\/lille.wordcamp.org\/2018\/wp-json\/wp\/v2\/pages\/8\/revisions\/910"}],"wp:attachment":[{"href":"https:\/\/lille.wordcamp.org\/2018\/wp-json\/wp\/v2\/media?parent=8"}],"curies":[{"name":"wp","href":"https:\/\/api.w.org\/{rel}","templated":true}]}}